{"id":49422,"date":"2024-09-09T16:51:33","date_gmt":"2024-09-09T14:51:33","guid":{"rendered":"https:\/\/test.africologne-festival.de\/idea\/"},"modified":"2026-02-23T23:35:19","modified_gmt":"2026-02-23T22:35:19","slug":"idea","status":"publish","type":"page","link":"https:\/\/africologne-festival.de\/en\/idea\/","title":{"rendered":"Idea"},"content":{"rendered":"<p>[et_pb_section fb_built=&#8221;1&#8243; admin_label=&#8221;Sektion&#8221; _builder_version=&#8221;4.27.4&#8243; background_color=&#8221;#000000&#8243; background_image=&#8221;https:\/\/africologne-festival.de\/wp-content\/uploads\/2025\/02\/Sorcieres_Kimpa_Vita_cPierre-Go.jpg&#8221; parallax=&#8221;on&#8221; custom_padding=&#8221;32vh||2vh||false|false&#8221; global_colors_info=&#8221;{}&#8221;][et_pb_row make_equal=&#8221;off&#8221; _builder_version=&#8221;4.27.4&#8243; global_colors_info=&#8221;{}&#8221;][et_pb_column type=&#8221;4_4&#8243; _builder_version=&#8221;4.27.4&#8243; global_colors_info=&#8221;{}&#8221;][et_pb_text admin_label=&#8221;Text&#8221; _builder_version=&#8221;4.27.4&#8243; _module_preset=&#8221;default&#8221; header_font=&#8221;|||on|||||&#8221; header_text_align=&#8221;left&#8221; header_text_color=&#8221;#FFFFFF&#8221; header_font_size=&#8221;88px&#8221; text_orientation=&#8221;center&#8221; header_font_size_tablet=&#8221;56px&#8221; header_font_size_phone=&#8221;56px&#8221; header_font_size_last_edited=&#8221;on|phone&#8221; global_colors_info=&#8221;{}&#8221;]<\/p>\n<h1 style=\"text-align: left;\">The idea<\/h1>\n<p>[\/et_pb_text][\/et_pb_column][\/et_pb_row][\/et_pb_section][et_pb_section fb_built=&#8221;1&#8243; _builder_version=&#8221;4.27.4&#8243; _module_preset=&#8221;default&#8221; background_color=&#8221;#821DC8&#8243; custom_padding=&#8221;42px||42px||true|false&#8221; global_colors_info=&#8221;{}&#8221;][et_pb_row column_structure=&#8221;3_4,1_4&#8243; _builder_version=&#8221;4.27.0&#8243; _module_preset=&#8221;default&#8221; background_color=&#8221;#FFFFFF&#8221; custom_padding=&#8221;42px|42px|42px|42px|true|true&#8221; global_colors_info=&#8221;{}&#8221;][et_pb_column type=&#8221;3_4&#8243; _builder_version=&#8221;4.27.0&#8243; _module_preset=&#8221;default&#8221; global_colors_info=&#8221;{}&#8221;][et_pb_text _builder_version=&#8221;4.27.4&#8243; _module_preset=&#8221;_initial&#8221; header_2_text_color=&#8221;#000000&#8243; header_2_font_size=&#8221;36px&#8221; custom_padding=&#8221;||0px|||&#8221; global_colors_info=&#8221;{}&#8221;]<\/p>\n<h2>africologne<\/h2>\n<p>[\/et_pb_text][et_pb_text _builder_version=&#8221;4.27.4&#8243; _module_preset=&#8221;a5246b6a-9b25-43f0-9a89-6a2dd1f29f26&#8243; global_colors_info=&#8221;{}&#8221;]<\/p>\n<p>is a platform for transnational artistic exchange in an African-European network, which is supported by the afroTopia e.V. association.  <\/p>\n<p>The focus is on the africologneFESTIVAL for contemporary African and Afro-diasporic arts and positions, which is held every two years at various venues in Cologne. In addition to theater, dance and discourse, the program also presents music, media art, dramatic literature, film and visual arts. This provides a platform for a wide range of artistic creation in different social contexts.  <\/p>\n<p>From the very beginning, the basic concerns of africologne and afroTopia e.V. have included multi-perspectivity in terms of content and aesthetics, enlightening perspectives and the preservation of diversity. The themes that \u00bbafricologne\u00ab presents are set by the artists. Telling history\/stories yourself means determining history\/stories yourself. The arts and artists play an important role in these processes. They can open up new spaces for reflection in a visionary and imaginative way. The aim of africologne is to convey more complex images, to make other narratives tangible and to show different perspectives on socio-political contexts and topics. We want to enable a change of perspective and allow for differences without separating ourselves from one another.      <\/p>\n<p>africologne establishes transcultural exchange across continents through intensive collaboration. Art in an anti-colonial context demands respect and appreciation. The increasing networking has arisen from the mutual trust that has grown over the years in sustainable working contacts, which characterize the work of afroTopia e.V.. We are continuously expanding our transnational collaborations and co-productions with African and European as well as local and regional artists and partners.   <\/p>\n<p>With introductions and follow-up discussions, we offer our audience easier access and suggestions for in-depth experiences. Engaging with other ways of thinking and perceiving requires curiosity and the openness to question one&#8217;s own thought patterns. It is about penetrating social developments that cannot be understood independently of each other. africologne wants to facilitate critical debates and the discovery of common themes in order to learn from and with each other. For an equal, respectful and empathetic coexistence in a global world community.    <\/p>\n<p>[\/et_pb_text][et_pb_text _builder_version=&#8221;4.27.4&#8243; _module_preset=&#8221;default&#8221; custom_margin=&#8221;||-4px||false|false&#8221; global_colors_info=&#8221;{}&#8221;][\/et_pb_text][et_pb_text _builder_version=&#8221;4.27.4&#8243; _module_preset=&#8221;_initial&#8221; header_2_text_color=&#8221;#000000&#8243; header_2_font_size=&#8221;36px&#8221; global_colors_info=&#8221;{}&#8221;]<\/p>\n<h2>afroTopia e.V.<\/h2>\n<p>[\/et_pb_text][et_pb_text _builder_version=&#8221;4.27.4&#8243; _module_preset=&#8221;default&#8221; global_colors_info=&#8221;{}&#8221;]<\/p>\n<p>The afroTopia association has been responsible for the africologne label since 2016 and organizes the africologneFESTIVAL as well as the africologneKOPRODUKTIONEN and all events outside of the festival period. The association initiates artistic processes, networks across continents and creates a platform to jointly open up spaces for reflection. <\/p>\n<p>The founding members of the non-profit association afroTopia e.V. include Dr. Lale Akg\u00fcn (former Member of the Bundestag, until 2025 1st Chairwoman), Peter Pauls (former Editor-in-Chief K\u00f6lner Stadt-Anzeiger), Sebastian Fischer (FilmInitiativ K\u00f6ln), Prof. Dr. Winfried Polte (former Spokesman of the Board DEG\/KfW), Etienne Minoungou (Festival R\u00e9cr\u00e9\u00e2trales, Ouagadougou), Ramata Sor\u00e9 (journalist, Burkina Faso), Christa Morgenrath (stimmen afrikas), Angela Spizig (former Mayor of Cologne) as well as Kerstin Ortmeier and Gerhardt Haag, the initiators and founders of the africologne label. Since January 2026, the board has been made up of Dr. Sarah Youssef (1st Chairperson), Bernhard Bauer (2nd Chairperson) and Lisa Kihm-Dolmaire (Treasurer). <\/p>\n<p>&nbsp;<\/p>\n<p>[\/et_pb_text][\/et_pb_column][et_pb_column type=&#8221;1_4&#8243; _builder_version=&#8221;4.27.0&#8243; _module_preset=&#8221;default&#8221; global_colors_info=&#8221;{}&#8221;][\/et_pb_column][\/et_pb_row][\/et_pb_section]<\/p>\n","protected":false},"excerpt":{"rendered":"<p>The ideaafricologneis a platform for transnational artistic exchange in an African-European network, which is supported by the afroTopia e.V. association. The focus is on the africologneFESTIVAL for contemporary African and Afro-diasporic arts and positions, which is held every two years at various venues in Cologne. In addition to theater, dance and discourse, the program also [&hellip;]<\/p>\n","protected":false},"author":9,"featured_media":0,"parent":0,"menu_order":0,"comment_status":"closed","ping_status":"closed","template":"","meta":{"_acf_changed":false,"_et_pb_use_builder":"on","_et_pb_old_content":"","_et_gb_content_width":"","footnotes":""},"difl_page_category":[],"class_list":["post-49422","page","type-page","status-publish","hentry"],"acf":[],"_links":{"self":[{"href":"https:\/\/africologne-festival.de\/en\/wp-json\/wp\/v2\/pages\/49422","targetHints":{"allow":["GET"]}}],"collection":[{"href":"https:\/\/africologne-festival.de\/en\/wp-json\/wp\/v2\/pages"}],"about":[{"href":"https:\/\/africologne-festival.de\/en\/wp-json\/wp\/v2\/types\/page"}],"author":[{"embeddable":true,"href":"https:\/\/africologne-festival.de\/en\/wp-json\/wp\/v2\/users\/9"}],"replies":[{"embeddable":true,"href":"https:\/\/africologne-festival.de\/en\/wp-json\/wp\/v2\/comments?post=49422"}],"version-history":[{"count":7,"href":"https:\/\/africologne-festival.de\/en\/wp-json\/wp\/v2\/pages\/49422\/revisions"}],"predecessor-version":[{"id":53911,"href":"https:\/\/africologne-festival.de\/en\/wp-json\/wp\/v2\/pages\/49422\/revisions\/53911"}],"wp:attachment":[{"href":"https:\/\/africologne-festival.de\/en\/wp-json\/wp\/v2\/media?parent=49422"}],"wp:term":[{"taxonomy":"difl_page_category","embeddable":true,"href":"https:\/\/africologne-festival.de\/en\/wp-json\/wp\/v2\/difl_page_category?post=49422"}],"curies":[{"name":"wp","href":"https:\/\/api.w.org\/{rel}","templated":true}]}}