{"id":49541,"date":"2024-09-17T10:42:34","date_gmt":"2024-09-17T08:42:34","guid":{"rendered":"https:\/\/test.africologne-festival.de\/team\/dr-ndongo-samba-sylla\/"},"modified":"2025-02-20T15:30:15","modified_gmt":"2025-02-20T14:30:15","slug":"dr-ndongo-samba-sylla","status":"publish","type":"page","link":"https:\/\/africologne-festival.de\/en\/team\/dr-ndongo-samba-sylla\/","title":{"rendered":"Dr. Ndongo Samba Sylla"},"content":{"rendered":"<p>[et_pb_section fb_built=&#8221;1&#8243; _builder_version=&#8221;4.27.0&#8243; custom_padding=&#8221;18vh||6vh||false|false&#8221; global_colors_info=&#8221;{}&#8221; background_color=&#8221;#000000&#8243; background_enable_image=&#8221;off&#8221;][et_pb_row _builder_version=&#8221;4.16&#8243; global_colors_info=&#8221;{}&#8221;][et_pb_column type=&#8221;4_4&#8243; _builder_version=&#8221;4.16&#8243; global_colors_info=&#8221;{}&#8221;][et_pb_text admin_label=&#8221;Text&#8221; _builder_version=&#8221;4.27.0&#8243; _module_preset=&#8221;default&#8221; header_font=&#8221;|||on|||||&#8221; header_text_color=&#8221;#FFFFFF&#8221; header_font_size=&#8221;56px&#8221; text_orientation=&#8221;center&#8221; header_font_size_tablet=&#8221;56px&#8221; header_font_size_phone=&#8221;56px&#8221; header_font_size_last_edited=&#8221;on|phone&#8221; global_colors_info=&#8221;{}&#8221;]<\/p>\n<h1>Meet the team<\/h1>\n<p>[\/et_pb_text][\/et_pb_column][\/et_pb_row][\/et_pb_section][et_pb_section fb_built=&#8221;1&#8243; _builder_version=&#8221;4.27.0&#8243; _module_preset=&#8221;default&#8221; background_color=&#8221;#821DC8&#8243; custom_padding=&#8221;42px||42px||true|false&#8221; global_colors_info=&#8221;{}&#8221;][et_pb_row _builder_version=&#8221;4.27.0&#8243; _module_preset=&#8221;default&#8221; background_color=&#8221;#FFFFFF&#8221; background_image=&#8221;https:\/\/africologne-festival.de\/wp-content\/uploads\/2024\/09\/GreenBackgroundPattern.png&#8221; background_size=&#8221;custom&#8221; background_position=&#8221;center_right&#8221; positioning=&#8221;none&#8221; z_index=&#8221;259&#8243; custom_padding=&#8221;42px|42px|42px|42px|true|true&#8221; global_colors_info=&#8221;{}&#8221;][et_pb_column type=&#8221;4_4&#8243; _builder_version=&#8221;4.27.0&#8243; _module_preset=&#8221;default&#8221; global_colors_info=&#8221;{}&#8221;][et_pb_image src=&#8221;https:\/\/africologne-festival.de\/wp-content\/uploads\/2024\/09\/Ndongo-Samba-SYLLA_300x385.jpg&#8221; alt=&#8221;Ndongo Samba SYLLA 300&#215;385&#8243; title_text=&#8221;Ndongo Samba SYLLA 300&#215;385&#8243; _builder_version=&#8221;4.27.0&#8243; _module_preset=&#8221;default&#8221; global_colors_info=&#8221;{}&#8221;][\/et_pb_image][et_pb_text admin_label=&#8221;Text&#8221; _builder_version=&#8221;4.27.0&#8243; _module_preset=&#8221;default&#8221; global_colors_info=&#8221;{}&#8221;]<\/p>\n<h2>Dr. Ndongo Samba Sylla \/ Head of africologneDIALOGFORUM<\/h2>\n<p>[\/et_pb_text][et_pb_text _builder_version=&#8221;4.27.0&#8243; _module_preset=&#8221;default&#8221; global_colors_info=&#8221;{}&#8221;]<\/p>\n<p>Dr. Ndongo Samba Sylla is a Senegalese development economist. From 2006 to 2009, he worked as a technical advisor to the President of the Republic of Senegal. He is currently research and program manager at the West Africa office of the Rosa Luxemburg Foundation in Dakar. His publications cover topics such as fair trade, labor markets in developing countries, social movements, democratic theory and economic and monetary sovereignty.<\/p>\n<p>He has published numerous collaborative works, written two books (La D\u00e9mocratie contre la R\u00e9publique. L&#8217;autre histoire du gouvernement du peuple, L&#8217;Harmattan, Paris, 2015; Le scandale commerce \u00e9quitable. Le marketing de la pauvret\u00e9 au service des riches, L&#8217;Harmattan, Paris, 2013) and is co-author of a book (with Fanny Pigeaud, L&#8217;arme invisible de la Fran\u00e7afrique. Une histoire du franc CFA, Paris, La D\u00e9couverte, 2018). He recently co-edited the edited volume Economic and Monetary Sovereignty for 21st century Africa (Pluto Press, 2021). His work has been published in several languages and is regularly quoted in the international press. He was world champion in French-language Scrabble four times.<\/p>\n<p>[\/et_pb_text][et_pb_icon font_icon=&#8221;&#xe010;||divi||400&#8243; icon_width=&#8221;78px&#8221; url=&#8221;mailto:nsssylla@gmail.com&#8221; url_new_window=&#8221;on&#8221; align=&#8221;left&#8221; _builder_version=&#8221;4.27.0&#8243; _module_preset=&#8221;default&#8221; background_enable_color=&#8221;off&#8221; custom_padding=&#8221;18px|18px|18px|18px|true|true&#8221; border_radii=&#8221;on|50%|50%|50%|50%&#8221; global_colors_info=&#8221;{}&#8221; background__hover_enabled=&#8221;on|hover&#8221; background_color__hover=&#8221;#D8FF00&#8243; background_enable_color__hover=&#8221;on&#8221;][\/et_pb_icon][\/et_pb_column][\/et_pb_row][\/et_pb_section]<\/p>\n","protected":false},"excerpt":{"rendered":"<p>Meet the teamDr. Ndongo Samba Sylla \/ Head of africologneDIALOGFORUMDr. Ndongo Samba Sylla is a Senegalese development economist. From 2006 to 2009, he worked as a technical advisor to the President of the Republic of Senegal. He is currently research and program manager at the West Africa office of the Rosa Luxemburg Foundation in Dakar. [&hellip;]<\/p>\n","protected":false},"author":9,"featured_media":0,"parent":51798,"menu_order":0,"comment_status":"closed","ping_status":"closed","template":"","meta":{"_acf_changed":false,"_et_pb_use_builder":"on","_et_pb_old_content":"","_et_gb_content_width":"","footnotes":""},"difl_page_category":[],"class_list":["post-49541","page","type-page","status-publish","hentry"],"acf":[],"_links":{"self":[{"href":"https:\/\/africologne-festival.de\/en\/wp-json\/wp\/v2\/pages\/49541","targetHints":{"allow":["GET"]}}],"collection":[{"href":"https:\/\/africologne-festival.de\/en\/wp-json\/wp\/v2\/pages"}],"about":[{"href":"https:\/\/africologne-festival.de\/en\/wp-json\/wp\/v2\/types\/page"}],"author":[{"embeddable":true,"href":"https:\/\/africologne-festival.de\/en\/wp-json\/wp\/v2\/users\/9"}],"replies":[{"embeddable":true,"href":"https:\/\/africologne-festival.de\/en\/wp-json\/wp\/v2\/comments?post=49541"}],"version-history":[{"count":4,"href":"https:\/\/africologne-festival.de\/en\/wp-json\/wp\/v2\/pages\/49541\/revisions"}],"predecessor-version":[{"id":51248,"href":"https:\/\/africologne-festival.de\/en\/wp-json\/wp\/v2\/pages\/49541\/revisions\/51248"}],"up":[{"embeddable":true,"href":"https:\/\/africologne-festival.de\/en\/wp-json\/wp\/v2\/pages\/51798"}],"wp:attachment":[{"href":"https:\/\/africologne-festival.de\/en\/wp-json\/wp\/v2\/media?parent=49541"}],"wp:term":[{"taxonomy":"difl_page_category","embeddable":true,"href":"https:\/\/africologne-festival.de\/en\/wp-json\/wp\/v2\/difl_page_category?post=49541"}],"curies":[{"name":"wp","href":"https:\/\/api.w.org\/{rel}","templated":true}]}}