{"id":49431,"date":"2024-09-17T10:40:04","date_gmt":"2024-09-17T08:40:04","guid":{"rendered":"https:\/\/test.africologne-festival.de\/claudine-engeser\/"},"modified":"2025-03-04T12:16:45","modified_gmt":"2025-03-04T11:16:45","slug":"claudine-engeser","status":"publish","type":"page","link":"https:\/\/africologne-festival.de\/fr\/equipe\/claudine-engeser\/","title":{"rendered":"Claudine Engeser"},"content":{"rendered":"<p>[et_pb_section fb_built=\u00a0\u00bb1&Prime; _builder_version=\u00a0\u00bb4.27.0&Prime; background_color=\u00a0\u00bb#000000&Prime; background_enable_image=\u00a0\u00bboff\u00a0\u00bb custom_padding=\u00a0\u00bb18vh||6vh||false|false\u00a0\u00bb global_colors_info=\u00a0\u00bb{}\u00a0\u00bb][et_pb_row _builder_version=\u00a0\u00bb4.16&Prime; global_colors_info=\u00a0\u00bb{}\u00a0\u00bb][et_pb_column type=\u00a0\u00bb4_4&Prime; _builder_version=\u00a0\u00bb4.16&Prime; global_colors_info=\u00a0\u00bb{}\u00a0\u00bb][et_pb_text admin_label=\u00a0\u00bbText\u00a0\u00bb _builder_version=\u00a0\u00bb4.27.0&Prime; _module_preset=\u00a0\u00bbdefault\u00a0\u00bb header_font=\u00a0\u00bb|||on|||||\u00a0\u00bb header_text_color=\u00a0\u00bb#FFFFFF\u00a0\u00bb header_font_size=\u00a0\u00bb56px\u00a0\u00bb text_orientation=\u00a0\u00bbcenter\u00a0\u00bb header_font_size_tablet=\u00a0\u00bb56px\u00a0\u00bb header_font_size_phone=\u00a0\u00bb56px\u00a0\u00bb header_font_size_last_edited=\u00a0\u00bbon|phone\u00a0\u00bb global_colors_info=\u00a0\u00bb{}\u00a0\u00bb]<\/p>\n<h1>Rencontrez l&rsquo;\u00e9quipe<\/h1>\n<p>[\/et_pb_text][\/et_pb_column][\/et_pb_row][\/et_pb_section][et_pb_section fb_built=\u00a0\u00bb1&Prime; _builder_version=\u00a0\u00bb4.27.0&Prime; _module_preset=\u00a0\u00bbdefault\u00a0\u00bb background_color=\u00a0\u00bb#821DC8&Prime; custom_padding=\u00a0\u00bb42px||42px||true|false\u00a0\u00bb global_colors_info=\u00a0\u00bb{}\u00a0\u00bb][et_pb_row _builder_version=\u00a0\u00bb4.27.0&Prime; _module_preset=\u00a0\u00bbdefault\u00a0\u00bb background_color=\u00a0\u00bb#FFFFFF\u00a0\u00bb background_image=\u00a0\u00bbhttps:\/\/africologne-festival.de\/wp-content\/uploads\/2024\/09\/GreenBackgroundPattern.png\u00a0\u00bb background_size=\u00a0\u00bbcustom\u00a0\u00bb background_position=\u00a0\u00bbcenter_right\u00a0\u00bb positioning=\u00a0\u00bbnone\u00a0\u00bb z_index=\u00a0\u00bb259&Prime; custom_padding=\u00a0\u00bb42px|42px|42px|42px|true|true\u00a0\u00bb global_colors_info=\u00a0\u00bb{}\u00a0\u00bb][et_pb_column type=\u00a0\u00bb4_4&Prime; _builder_version=\u00a0\u00bb4.27.0&Prime; _module_preset=\u00a0\u00bbdefault\u00a0\u00bb global_colors_info=\u00a0\u00bb{}\u00a0\u00bb][et_pb_image src=\u00a0\u00bbhttps:\/\/africologne-festival.de\/wp-content\/uploads\/2024\/09\/C_Engeser_foto_2.jpg\u00a0\u00bb alt=\u00a0\u00bbC Engeser photo 2&Prime; title_text=\u00a0\u00bbC Engeser photo 2&Prime; _builder_version=\u00a0\u00bb4.27.0&Prime; _module_preset=\u00a0\u00bbdefault\u00a0\u00bb global_colors_info=\u00a0\u00bb{}\u00a0\u00bb][\/et_pb_image][et_pb_text admin_label=\u00a0\u00bbText\u00a0\u00bb _builder_version=\u00a0\u00bb4.27.4&Prime; _module_preset=\u00a0\u00bbdefault\u00a0\u00bb hover_enabled=\u00a0\u00bb0&Prime; global_colors_info=\u00a0\u00bb{}\u00a0\u00bb sticky_enabled=\u00a0\u00bb0&Prime;]<\/p>\n<h2>Claudine Engeser \/ Direction de la presse et des relations publiques<\/h2>\n<p>[\/et_pb_text][et_pb_text _builder_version=\u00a0\u00bb4.27.0&Prime; _module_preset=\u00a0\u00bbdefault\u00a0\u00bb global_colors_info=\u00a0\u00bb{}\u00a0\u00bb]<\/p>\n<p>N\u00e9e et \u00e9lev\u00e9e dans la r\u00e9gion du Bas-Rhin, Claudine Engeser est venue \u00e0 Cologne directement apr\u00e8s son baccalaur\u00e9at, au milieu des ann\u00e9es 1980, pour \u00e9tudier l&rsquo;anglais, les langues romanes et la philologie allemande. Son projet de devenir journaliste s&rsquo;est concr\u00e9tis\u00e9, car apr\u00e8s des stages chez VIVA TV, NDR, WDR et autres, elle a travaill\u00e9 de nombreuses ann\u00e9es comme auteur ind\u00e9pendant pour la radio, la t\u00e9l\u00e9vision et la presse \u00e9crite. Elle a \u00e9crit sur la culture et la soci\u00e9t\u00e9 pour des journaux, des portails en ligne et des magazines tels que Qvest, mare, WamS, Spiegel Online et autres.  <\/p>\n<p>Elle a parl\u00e9 d&rsquo;expositions, de livres et de personnalit\u00e9s du monde de l&rsquo;art et de la litt\u00e9rature \u00e0 la radio sur WDR 5 et WDR 3, et de musique pop sur WDR 2. Anim\u00e9 des Art-Talks dans des galeries et des lectures lors de foires. Cr\u00e9\u00e9 une agence, KUNSTGANG, qui organise des visites guid\u00e9es de galeries et d&rsquo;ateliers d&rsquo;artistes. Elle s&rsquo;est familiaris\u00e9e avec les relations publiques en travaillant pour des galeries et des agences et continue aujourd&rsquo;hui \u00e0 travailler en freelance dans ce domaine. Depuis 2006, Claudine organise et anime des lectures et des concerts. En 2024, elle a pris la direction du festival \u00ab Musik in den H\u00e4usern der Stadt \u00bb au sein de l&rsquo;association Kunstsalon e.V.. Elle est \u00e9galement responsable de la presse et des relations publiques de l&rsquo;association Freie Volksb\u00fchne \/ K\u00f6lnerKulturAbo.      <\/p>\n<p>[\/et_pb_text][et_pb_icon font_icon=\u00a0\u00bb&#xe010;||divi||400&Prime; icon_width=\u00a0\u00bb78px\u00a0\u00bb url=\u00a0\u00bbmailto:presse@africologne.org\u00a0\u00bb url_new_window=\u00a0\u00bbon\u00a0\u00bb align=\u00a0\u00bbleft\u00a0\u00bb _builder_version=\u00a0\u00bb4.27.0&Prime; _module_preset=\u00a0\u00bbdefault\u00a0\u00bb background_enable_color=\u00a0\u00bboff\u00a0\u00bb custom_padding=\u00a0\u00bb18px|18px|18px|18px|true|true\u00a0\u00bb border_radii=\u00a0\u00bbon|50%|50%|50%|50%\u00a0\u00bb global_colors_info=\u00a0\u00bb{}\u00a0\u00bb background__hover_enabled=\u00a0\u00bbon|hover\u00a0\u00bb background_color__hover=\u00a0\u00bb#D8FF00&Prime; background_enable_color__hover=\u00a0\u00bbon\u00a0\u00bb][\/et_pb_icon][\/et_pb_column][\/et_pb_row][\/et_pb_section]<\/p>\n","protected":false},"excerpt":{"rendered":"<p>Rencontrez l&rsquo;\u00e9quipeClaudine Engeser \/ Direction de la presse et des relations publiquesN\u00e9e et \u00e9lev\u00e9e dans la r\u00e9gion du Bas-Rhin, Claudine Engeser est venue \u00e0 Cologne directement apr\u00e8s son baccalaur\u00e9at, au milieu des ann\u00e9es 1980, pour \u00e9tudier l&rsquo;anglais, les langues romanes et la philologie allemande. Son projet de devenir journaliste s&rsquo;est concr\u00e9tis\u00e9, car apr\u00e8s des stages [&hellip;]<\/p>\n","protected":false},"author":9,"featured_media":0,"parent":51801,"menu_order":0,"comment_status":"closed","ping_status":"closed","template":"","meta":{"_acf_changed":false,"_et_pb_use_builder":"on","_et_pb_old_content":"","_et_gb_content_width":"","footnotes":""},"difl_page_category":[],"class_list":["post-49431","page","type-page","status-publish","hentry"],"acf":[],"_links":{"self":[{"href":"https:\/\/africologne-festival.de\/fr\/wp-json\/wp\/v2\/pages\/49431","targetHints":{"allow":["GET"]}}],"collection":[{"href":"https:\/\/africologne-festival.de\/fr\/wp-json\/wp\/v2\/pages"}],"about":[{"href":"https:\/\/africologne-festival.de\/fr\/wp-json\/wp\/v2\/types\/page"}],"author":[{"embeddable":true,"href":"https:\/\/africologne-festival.de\/fr\/wp-json\/wp\/v2\/users\/9"}],"replies":[{"embeddable":true,"href":"https:\/\/africologne-festival.de\/fr\/wp-json\/wp\/v2\/comments?post=49431"}],"version-history":[{"count":7,"href":"https:\/\/africologne-festival.de\/fr\/wp-json\/wp\/v2\/pages\/49431\/revisions"}],"predecessor-version":[{"id":51529,"href":"https:\/\/africologne-festival.de\/fr\/wp-json\/wp\/v2\/pages\/49431\/revisions\/51529"}],"up":[{"embeddable":true,"href":"https:\/\/africologne-festival.de\/fr\/wp-json\/wp\/v2\/pages\/51801"}],"wp:attachment":[{"href":"https:\/\/africologne-festival.de\/fr\/wp-json\/wp\/v2\/media?parent=49431"}],"wp:term":[{"taxonomy":"difl_page_category","embeddable":true,"href":"https:\/\/africologne-festival.de\/fr\/wp-json\/wp\/v2\/difl_page_category?post=49431"}],"curies":[{"name":"wp","href":"https:\/\/api.w.org\/{rel}","templated":true}]}}