{"id":49439,"date":"2024-09-17T10:50:09","date_gmt":"2024-09-17T08:50:09","guid":{"rendered":"https:\/\/test.africologne-festival.de\/benjamin-zur-heide\/"},"modified":"2025-03-20T12:54:21","modified_gmt":"2025-03-20T11:54:21","slug":"benjamin-zur-heide","status":"publish","type":"page","link":"https:\/\/africologne-festival.de\/fr\/equipe\/benjamin-zur-heide\/","title":{"rendered":"Benjamin zur Heide"},"content":{"rendered":"<p>[et_pb_section fb_built=\u00a0\u00bb1&Prime; _builder_version=\u00a0\u00bb4.27.0&Prime; background_color=\u00a0\u00bb#000000&Prime; background_enable_image=\u00a0\u00bboff\u00a0\u00bb custom_padding=\u00a0\u00bb18vh||6vh||false|false\u00a0\u00bb global_colors_info=\u00a0\u00bb{}\u00a0\u00bb][et_pb_row _builder_version=\u00a0\u00bb4.16&Prime; global_colors_info=\u00a0\u00bb{}\u00a0\u00bb][et_pb_column type=\u00a0\u00bb4_4&Prime; _builder_version=\u00a0\u00bb4.16&Prime; global_colors_info=\u00a0\u00bb{}\u00a0\u00bb][et_pb_text admin_label=\u00a0\u00bbText\u00a0\u00bb _builder_version=\u00a0\u00bb4.27.0&Prime; _module_preset=\u00a0\u00bbdefault\u00a0\u00bb header_font=\u00a0\u00bb|||on|||||\u00a0\u00bb header_text_color=\u00a0\u00bb#FFFFFF\u00a0\u00bb header_font_size=\u00a0\u00bb56px\u00a0\u00bb text_orientation=\u00a0\u00bbcenter\u00a0\u00bb header_font_size_tablet=\u00a0\u00bb56px\u00a0\u00bb header_font_size_phone=\u00a0\u00bb56px\u00a0\u00bb header_font_size_last_edited=\u00a0\u00bbon|phone\u00a0\u00bb global_colors_info=\u00a0\u00bb{}\u00a0\u00bb]<\/p>\n<h1>Rencontrez l&rsquo;\u00e9quipe<\/h1>\n<p>[\/et_pb_text][\/et_pb_column][\/et_pb_row][\/et_pb_section][et_pb_section fb_built=\u00a0\u00bb1&Prime; _builder_version=\u00a0\u00bb4.27.0&Prime; _module_preset=\u00a0\u00bbdefault\u00a0\u00bb background_color=\u00a0\u00bb#821DC8&Prime; custom_padding=\u00a0\u00bb42px||42px||true|false\u00a0\u00bb global_colors_info=\u00a0\u00bb{}\u00a0\u00bb][et_pb_row _builder_version=\u00a0\u00bb4.27.0&Prime; _module_preset=\u00a0\u00bbdefault\u00a0\u00bb background_color=\u00a0\u00bb#FFFFFF\u00a0\u00bb background_image=\u00a0\u00bbhttps:\/\/africologne-festival.de\/wp-content\/uploads\/2024\/09\/GreenBackgroundPattern.png\u00a0\u00bb background_size=\u00a0\u00bbcustom\u00a0\u00bb background_position=\u00a0\u00bbcenter_right\u00a0\u00bb positioning=\u00a0\u00bbnone\u00a0\u00bb z_index=\u00a0\u00bb259&Prime; custom_padding=\u00a0\u00bb42px|42px|42px|42px|true|true\u00a0\u00bb global_colors_info=\u00a0\u00bb{}\u00a0\u00bb][et_pb_column type=\u00a0\u00bb4_4&Prime; _builder_version=\u00a0\u00bb4.27.0&Prime; _module_preset=\u00a0\u00bbdefault\u00a0\u00bb global_colors_info=\u00a0\u00bb{}\u00a0\u00bb][et_pb_image src=\u00a0\u00bbhttps:\/\/africologne-festival.de\/wp-content\/uploads\/2024\/09\/Benjamin_zur_Heide.jpg\u00a0\u00bb alt=\u00a0\u00bbBenjamin zur Heide\u00a0\u00bb title_text=\u00a0\u00bbBenjamin zur Heide\u00a0\u00bb _builder_version=\u00a0\u00bb4.27.0&Prime; _module_preset=\u00a0\u00bbdefault\u00a0\u00bb global_colors_info=\u00a0\u00bb{}\u00a0\u00bb][\/et_pb_image][et_pb_text admin_label=\u00a0\u00bbText\u00a0\u00bb _builder_version=\u00a0\u00bb4.27.0&Prime; _module_preset=\u00a0\u00bbdefault\u00a0\u00bb global_colors_info=\u00a0\u00bb{}\u00a0\u00bb]<\/p>\n<h2>Benjamin zur Heide \/ Directeur technique<\/h2>\n<p>[\/et_pb_text][et_pb_text _builder_version=\u00a0\u00bb4.27.4&Prime; _module_preset=\u00a0\u00bbdefault\u00a0\u00bb hover_enabled=\u00a0\u00bb0&Prime; global_colors_info=\u00a0\u00bb{}\u00a0\u00bb sticky_enabled=\u00a0\u00bb0&Prime;]<\/p>\n<p>N\u00e9 et ayant grandi \u00e0 Osnabr\u00fcck, Benjamin zur Heide a suivi une formation de technicien \u00e9v\u00e9nementiel \u00e0 Hambourg, o\u00f9 il a ensuite travaill\u00e9 comme technicien ind\u00e9pendant pour des th\u00e9\u00e2tres (notamment Kampnagel, Thalia Theater), des th\u00e9\u00e2tres de tourn\u00e9e et des \u00e9v\u00e9nements, ainsi que comme planificateur pour la technique th\u00e9\u00e2trale.<\/p>\n<p>En 2007, il a d&rsquo;abord rejoint le festival Ruhrtriennale en tant que technicien et planificateur ind\u00e9pendant. Il y a travaill\u00e9 en tant que planificateur et chef de projet technique sur les projets les plus divers dans les domaines du th\u00e9\u00e2tre (musical), de la danse, de la performance et de l&rsquo;installation artistique, au cours des intendances de Heiner Goebbels, Johan Simons, Stefanie Carp et Barbara Frey.<\/p>\n<p>Derni\u00e8rement directeur technique, il a quitt\u00e9 la Ruhrtriennale fin 2021 pour se consacrer davantage \u00e0 son travail et \u00e0 sa famille \u00e0 Cologne, sa ville d&rsquo;adoption.<\/p>\n<p>Depuis 2023, il est directeur technique d&rsquo;africologneFESTIVAL, parmi de nombreuses autres missions.<\/p>\n<p>[\/et_pb_text][et_pb_icon font_icon=\u00a0\u00bb&#xe010;||divi||400&Prime; icon_width=\u00a0\u00bb78px\u00a0\u00bb url=\u00a0\u00bbmailto:zurheide@africologne.org\u00a0\u00bb url_new_window=\u00a0\u00bbon\u00a0\u00bb align=\u00a0\u00bbleft\u00a0\u00bb _builder_version=\u00a0\u00bb4.27.0&Prime; _module_preset=\u00a0\u00bbdefault\u00a0\u00bb background_enable_color=\u00a0\u00bboff\u00a0\u00bb custom_padding=\u00a0\u00bb18px|18px|18px|18px|true|true\u00a0\u00bb border_radii=\u00a0\u00bbon|50%|50%|50%|50%\u00a0\u00bb global_colors_info=\u00a0\u00bb{}\u00a0\u00bb background__hover_enabled=\u00a0\u00bbon|hover\u00a0\u00bb background_color__hover=\u00a0\u00bb#D8FF00&Prime; background_enable_color__hover=\u00a0\u00bbon\u00a0\u00bb][\/et_pb_icon][\/et_pb_column][\/et_pb_row][\/et_pb_section]<\/p>\n","protected":false},"excerpt":{"rendered":"<p>Rencontrez l&rsquo;\u00e9quipeBenjamin zur Heide \/ Directeur techniqueN\u00e9 et ayant grandi \u00e0 Osnabr\u00fcck, Benjamin zur Heide a suivi une formation de technicien \u00e9v\u00e9nementiel \u00e0 Hambourg, o\u00f9 il a ensuite travaill\u00e9 comme technicien ind\u00e9pendant pour des th\u00e9\u00e2tres (notamment Kampnagel, Thalia Theater), des th\u00e9\u00e2tres de tourn\u00e9e et des \u00e9v\u00e9nements, ainsi que comme planificateur pour la technique th\u00e9\u00e2trale. En [&hellip;]<\/p>\n","protected":false},"author":9,"featured_media":0,"parent":51801,"menu_order":0,"comment_status":"closed","ping_status":"closed","template":"","meta":{"_acf_changed":false,"_et_pb_use_builder":"on","_et_pb_old_content":"","_et_gb_content_width":"","footnotes":""},"difl_page_category":[],"class_list":["post-49439","page","type-page","status-publish","hentry"],"acf":[],"_links":{"self":[{"href":"https:\/\/africologne-festival.de\/fr\/wp-json\/wp\/v2\/pages\/49439","targetHints":{"allow":["GET"]}}],"collection":[{"href":"https:\/\/africologne-festival.de\/fr\/wp-json\/wp\/v2\/pages"}],"about":[{"href":"https:\/\/africologne-festival.de\/fr\/wp-json\/wp\/v2\/types\/page"}],"author":[{"embeddable":true,"href":"https:\/\/africologne-festival.de\/fr\/wp-json\/wp\/v2\/users\/9"}],"replies":[{"embeddable":true,"href":"https:\/\/africologne-festival.de\/fr\/wp-json\/wp\/v2\/comments?post=49439"}],"version-history":[{"count":5,"href":"https:\/\/africologne-festival.de\/fr\/wp-json\/wp\/v2\/pages\/49439\/revisions"}],"predecessor-version":[{"id":51700,"href":"https:\/\/africologne-festival.de\/fr\/wp-json\/wp\/v2\/pages\/49439\/revisions\/51700"}],"up":[{"embeddable":true,"href":"https:\/\/africologne-festival.de\/fr\/wp-json\/wp\/v2\/pages\/51801"}],"wp:attachment":[{"href":"https:\/\/africologne-festival.de\/fr\/wp-json\/wp\/v2\/media?parent=49439"}],"wp:term":[{"taxonomy":"difl_page_category","embeddable":true,"href":"https:\/\/africologne-festival.de\/fr\/wp-json\/wp\/v2\/difl_page_category?post=49439"}],"curies":[{"name":"wp","href":"https:\/\/api.w.org\/{rel}","templated":true}]}}