{"id":49474,"date":"2024-09-11T11:59:07","date_gmt":"2024-09-11T09:59:07","guid":{"rendered":"https:\/\/test.africologne-festival.de\/emplois\/"},"modified":"2026-04-09T22:52:26","modified_gmt":"2026-04-09T20:52:26","slug":"emplois","status":"publish","type":"page","link":"https:\/\/africologne-festival.de\/fr\/emplois\/","title":{"rendered":"Emplois"},"content":{"rendered":"<p>[et_pb_section fb_built=\u00a0\u00bb1&Prime; _builder_version=\u00a0\u00bb4.27.4&Prime; background_color=\u00a0\u00bb#000000&Prime; background_enable_image=\u00a0\u00bboff\u00a0\u00bb custom_padding=\u00a0\u00bb18vh||6vh||false|false\u00a0\u00bb global_colors_info=\u00a0\u00bb{}\u00a0\u00bb][et_pb_row _builder_version=\u00a0\u00bb4.16&Prime; global_colors_info=\u00a0\u00bb{}\u00a0\u00bb][et_pb_column type=\u00a0\u00bb4_4&Prime; _builder_version=\u00a0\u00bb4.16&Prime; global_colors_info=\u00a0\u00bb{}\u00a0\u00bb][et_pb_text admin_label=\u00a0\u00bbText\u00a0\u00bb _builder_version=\u00a0\u00bb4.27.4&Prime; _module_preset=\u00a0\u00bbdefault\u00a0\u00bb header_font=\u00a0\u00bb|||on|||||\u00a0\u00bb header_text_align=\u00a0\u00bbleft\u00a0\u00bb header_text_color=\u00a0\u00bb#FFFFFF\u00a0\u00bb header_font_size=\u00a0\u00bb56px\u00a0\u00bb text_orientation=\u00a0\u00bbcenter\u00a0\u00bb header_font_size_tablet=\u00a0\u00bb56px\u00a0\u00bb header_font_size_phone=\u00a0\u00bb56px\u00a0\u00bb header_font_size_last_edited=\u00a0\u00bbon|phone\u00a0\u00bb global_colors_info=\u00a0\u00bb{}\u00a0\u00bb]<\/p>\n<h1 style=\"text-align: center;\">Emplois<\/h1>\n<p>[\/et_pb_text][\/et_pb_column][\/et_pb_row][\/et_pb_section][et_pb_section fb_built=\u00a0\u00bb1&Prime; _builder_version=\u00a0\u00bb4.27.0&Prime; _module_preset=\u00a0\u00bbdefault\u00a0\u00bb background_color=\u00a0\u00bb#821DC8&Prime; custom_padding=\u00a0\u00bb42px||42px||true|false\u00a0\u00bb global_colors_info=\u00a0\u00bb{}\u00a0\u00bb][et_pb_row _builder_version=\u00a0\u00bb4.27.0&Prime; _module_preset=\u00a0\u00bbdefault\u00a0\u00bb background_color=\u00a0\u00bb#FFFFFF\u00a0\u00bb custom_padding=\u00a0\u00bb42px|42px|42px|42px|true|true\u00a0\u00bb global_colors_info=\u00a0\u00bb{}\u00a0\u00bb][et_pb_column type=\u00a0\u00bb4_4&Prime; _builder_version=\u00a0\u00bb4.27.0&Prime; _module_preset=\u00a0\u00bbdefault\u00a0\u00bb global_colors_info=\u00a0\u00bb{}\u00a0\u00bb][et_pb_text _builder_version=\u00a0\u00bb4.27.4&Prime; _module_preset=\u00a0\u00bb_initial\u00a0\u00bb header_text_color=\u00a0\u00bb#000000&Prime; header_2_text_color=\u00a0\u00bb#000000&Prime; global_colors_info=\u00a0\u00bb{}\u00a0\u00bb]<\/p>\n<h2>Nous avons besoin de renforts !<\/h2>\n<p>[\/et_pb_text][et_pb_text _builder_version=\u00a0\u00bb4.27.6&Prime; _module_preset=\u00a0\u00bbdefault\u00a0\u00bb link_font=\u00a0\u00bb|600|||on||||\u00a0\u00bb link_text_color=\u00a0\u00bb#A327A3&Prime; global_colors_info=\u00a0\u00bb{}\u00a0\u00bb]<\/p>\n<h3>Collaboration au commissariat d&rsquo;africologneLOCAL<\/h3>\n<p>Nous offrons la possibilit\u00e9 de s&rsquo;essayer au commissariat dans le cadre d&rsquo;un festival international.<br \/>Envoyez vos candidatures par e-mail \u00e0 Ya\u00ebl Koutouan (elle\/vous\/pas) <a href=\"mailto:koutouan@africologne.org\">koutouan@africologne.org<\/a> et Marie Deuflhard (elle\/vous\/vous volontiers) : <a href=\"mailto:deuflhard@africologne.org\">deuflhard@africologne.org<\/a><\/p>\n<p>[\/et_pb_text][et_pb_text _builder_version=\u00a0\u00bb4.27.6&Prime; _module_preset=\u00a0\u00bbdefault\u00a0\u00bb link_font=\u00a0\u00bb|600|||on||||\u00a0\u00bb link_text_color=\u00a0\u00bb#A327A3&Prime; custom_margin=\u00a0\u00bb-10px||||false|false\u00a0\u00bb custom_padding=\u00a0\u00bb||||false|false\u00a0\u00bb link_option_url=\u00a0\u00bbhttps:\/\/africologne-festival.de\/wp-content\/uploads\/2026\/04\/Ausschreibung-LOCAL.pdf\u00a0\u00bb global_colors_info=\u00a0\u00bb{}\u00a0\u00bb]<\/p>\n<p>Mitarbeitsinfo. zum <a href=\"https:\/\/africologne-festival.de\/wp-content\/uploads\/2026\/04\/Ausschreibung-LOCAL.pdf\">Download<\/a> <\/p>\n<p>[\/et_pb_text][et_pb_text _builder_version=\u00a0\u00bb4.27.6&Prime; _module_preset=\u00a0\u00bbdefault\u00a0\u00bb link_font=\u00a0\u00bb|600|||on||||\u00a0\u00bb link_text_color=\u00a0\u00bb#A327A3&Prime; custom_margin=\u00a0\u00bb10px||||false|false\u00a0\u00bb global_colors_info=\u00a0\u00bb{}\u00a0\u00bb]<\/p>\n<h3>Stage<\/h3>\n<p>Nous offrons un aper\u00e7u profond et passionnant de la conception, de la planification et de la r\u00e9alisation d&rsquo;un festival. <br \/>Envoyez votre candidature imm\u00e9diatement par e-mail \u00e0 Marie Deuflhard (elle\/vous\/vous volontiers) : <a href=\"mailto:ortmeier@africologne.org\">deuflhard@africologne.org<\/a><\/p>\n<p>[\/et_pb_text][et_pb_text _builder_version=\u00a0\u00bb4.27.6&Prime; _module_preset=\u00a0\u00bbdefault\u00a0\u00bb link_font=\u00a0\u00bb|600|||on||||\u00a0\u00bb link_text_color=\u00a0\u00bb#A327A3&Prime; custom_margin=\u00a0\u00bb-10px||||false|false\u00a0\u00bb link_option_url=\u00a0\u00bbhttps:\/\/africologne-festival.de\/wp-content\/uploads\/2025\/02\/Praktikumsausschreibung-africologneFESTIVAL-Koeln-2025.pdf\u00a0\u00bb global_colors_info=\u00a0\u00bb{}\u00a0\u00bb]<\/p>\n<p>Infos sur les stages. \u00e0 <a href=\"https:\/\/africologne-festival.de\/wp-content\/uploads\/2025\/02\/Praktikumsausschreibung-africologneFESTIVAL-Koeln-2025.pdf\">t\u00e9l\u00e9charger<\/a> <\/p>\n<p>[\/et_pb_text][\/et_pb_column][\/et_pb_row][\/et_pb_section]<\/p>\n","protected":false},"excerpt":{"rendered":"<p>EmploisNous avons besoin de renforts !Collaboration au commissariat d&rsquo;africologneLOCAL Nous offrons la possibilit\u00e9 de s&rsquo;essayer au commissariat dans le cadre d&rsquo;un festival international.Envoyez vos candidatures par e-mail \u00e0 Ya\u00ebl Koutouan (elle\/vous\/pas) koutouan@africologne.org et Marie Deuflhard (elle\/vous\/vous volontiers) : deuflhard@africologne.orgMitarbeitsinfo. zum Download Stage Nous offrons un aper\u00e7u profond et passionnant de la conception, de la planification [&hellip;]<\/p>\n","protected":false},"author":9,"featured_media":0,"parent":0,"menu_order":0,"comment_status":"closed","ping_status":"closed","template":"","meta":{"_acf_changed":false,"_et_pb_use_builder":"on","_et_pb_old_content":"","_et_gb_content_width":"","footnotes":""},"difl_page_category":[],"class_list":["post-49474","page","type-page","status-publish","hentry"],"acf":[],"_links":{"self":[{"href":"https:\/\/africologne-festival.de\/fr\/wp-json\/wp\/v2\/pages\/49474","targetHints":{"allow":["GET"]}}],"collection":[{"href":"https:\/\/africologne-festival.de\/fr\/wp-json\/wp\/v2\/pages"}],"about":[{"href":"https:\/\/africologne-festival.de\/fr\/wp-json\/wp\/v2\/types\/page"}],"author":[{"embeddable":true,"href":"https:\/\/africologne-festival.de\/fr\/wp-json\/wp\/v2\/users\/9"}],"replies":[{"embeddable":true,"href":"https:\/\/africologne-festival.de\/fr\/wp-json\/wp\/v2\/comments?post=49474"}],"version-history":[{"count":7,"href":"https:\/\/africologne-festival.de\/fr\/wp-json\/wp\/v2\/pages\/49474\/revisions"}],"predecessor-version":[{"id":54182,"href":"https:\/\/africologne-festival.de\/fr\/wp-json\/wp\/v2\/pages\/49474\/revisions\/54182"}],"wp:attachment":[{"href":"https:\/\/africologne-festival.de\/fr\/wp-json\/wp\/v2\/media?parent=49474"}],"wp:term":[{"taxonomy":"difl_page_category","embeddable":true,"href":"https:\/\/africologne-festival.de\/fr\/wp-json\/wp\/v2\/difl_page_category?post=49474"}],"curies":[{"name":"wp","href":"https:\/\/api.w.org\/{rel}","templated":true}]}}