{"id":49506,"date":"2024-09-11T11:59:07","date_gmt":"2024-09-11T09:59:07","guid":{"rendered":"https:\/\/test.africologne-festival.de\/cartes\/"},"modified":"2026-01-28T17:23:42","modified_gmt":"2026-01-28T16:23:42","slug":"cartes","status":"publish","type":"page","link":"https:\/\/africologne-festival.de\/fr\/cartes\/","title":{"rendered":"Billets"},"content":{"rendered":"<p>[et_pb_section fb_built=\u00a0\u00bb1&Prime; _builder_version=\u00a0\u00bb4.27.4&Prime; background_color=\u00a0\u00bb#000000&Prime; background_image=\u00a0\u00bbhttps:\/\/africologne-festival.de\/wp-content\/uploads\/2025\/02\/Sorcieres_Kimpa_Vita_cPierre-Gondard_3.jpg\u00a0\u00bb custom_padding=\u00a0\u00bb32vh||2vh||false|false\u00a0\u00bb global_colors_info=\u00a0\u00bb{}\u00a0\u00bb][et_pb_row _builder_version=\u00a0\u00bb4.27.4&Prime; custom_padding=\u00a0\u00bb||||false|false\u00a0\u00bb global_colors_info=\u00a0\u00bb{}\u00a0\u00bb][et_pb_column type=\u00a0\u00bb4_4&Prime; _builder_version=\u00a0\u00bb4.27.4&Prime; global_colors_info=\u00a0\u00bb{}\u00a0\u00bb][et_pb_text admin_label=\u00a0\u00bbText\u00a0\u00bb _builder_version=\u00a0\u00bb4.27.4&Prime; _module_preset=\u00a0\u00bbdefault\u00a0\u00bb header_font=\u00a0\u00bb|||on|||||\u00a0\u00bb header_text_color=\u00a0\u00bb#FFFFFF\u00a0\u00bb header_font_size=\u00a0\u00bb88px\u00a0\u00bb text_orientation=\u00a0\u00bbcenter\u00a0\u00bb header_font_size_tablet=\u00a0\u00bb56px\u00a0\u00bb header_font_size_phone=\u00a0\u00bb56px\u00a0\u00bb header_font_size_last_edited=\u00a0\u00bbon|phone\u00a0\u00bb global_colors_info=\u00a0\u00bb{}\u00a0\u00bb]<\/p>\n<h1 style=\"text-align: left;\">Billets<\/h1>\n<p>[\/et_pb_text][\/et_pb_column][\/et_pb_row][\/et_pb_section][et_pb_section fb_built=\u00a0\u00bb1&Prime; _builder_version=\u00a0\u00bb4.27.0&Prime; _module_preset=\u00a0\u00bbdefault\u00a0\u00bb background_color=\u00a0\u00bb#821DC8&Prime; custom_padding=\u00a0\u00bb42px||42px||true|false\u00a0\u00bb global_colors_info=\u00a0\u00bb{}\u00a0\u00bb][et_pb_row _builder_version=\u00a0\u00bb4.27.0&Prime; _module_preset=\u00a0\u00bb6e930641-1128-4f06-8d84-81b44650eda6&Prime; global_colors_info=\u00a0\u00bb{}\u00a0\u00bb][et_pb_column type=\u00a0\u00bb4_4&Prime; _builder_version=\u00a0\u00bb4.27.0&Prime; _module_preset=\u00a0\u00bbdefault\u00a0\u00bb global_colors_info=\u00a0\u00bb{}\u00a0\u00bb][et_pb_text _builder_version=\u00a0\u00bb4.27.4&Prime; _module_preset=\u00a0\u00bbdefault\u00a0\u00bb text_font_size=\u00a0\u00bb32px\u00a0\u00bb text_line_height_tablet=\u00a0\u00bb\u00a0\u00bb text_line_height_phone=\u00a0\u00bb1.3em\u00a0\u00bb text_line_height_last_edited=\u00a0\u00bbon|phone\u00a0\u00bb global_colors_info=\u00a0\u00bb{}\u00a0\u00bb][\/et_pb_text][et_pb_text _builder_version=\u00a0\u00bb4.27.4&Prime; _module_preset=\u00a0\u00bbdefault\u00a0\u00bb text_font_size=\u00a0\u00bb32px\u00a0\u00bb text_line_height_tablet=\u00a0\u00bb\u00a0\u00bb text_line_height_phone=\u00a0\u00bb1.3em\u00a0\u00bb text_line_height_last_edited=\u00a0\u00bbon|phone\u00a0\u00bb global_colors_info=\u00a0\u00bb{}\u00a0\u00bb]<\/p>\n<h3>BILLETS, SYST\u00c8ME DE TARIFICATION SOLIDAIRE ET PASS FESTIVAL<\/h3>\n<p>[\/et_pb_text][et_pb_text _builder_version=\u00a0\u00bb4.27.4&Prime; _module_preset=\u00a0\u00bbdefault\u00a0\u00bb text_font_size=\u00a0\u00bb28px\u00a0\u00bb text_line_height=\u00a0\u00bb1.3em\u00a0\u00bb text_line_height_tablet=\u00a0\u00bb\u00a0\u00bb text_line_height_phone=\u00a0\u00bb1.3em\u00a0\u00bb text_line_height_last_edited=\u00a0\u00bbon|phone\u00a0\u00bb global_colors_info=\u00a0\u00bb{}\u00a0\u00bb]<\/p>\n<p>Le prochain festival aura lieu du 19 au 29 mai 2027.<\/p>\n<p>L&rsquo;id\u00e9e du syst\u00e8me de tarification solidaire est que chaque personne d\u00e9cide elle-m\u00eame du prix qu&rsquo;elle paie pour assister \u00e0 un \u00e9v\u00e9nement. L&rsquo;espoir est que les recettes s&rsquo;\u00e9quilibrent en moyenne et que davantage de personnes participent aux \u00e9v\u00e9nements culturels. Pour une soci\u00e9t\u00e9 solidaire. Les prix des \u00e9v\u00e9nements individuels varient de 8 \u20ac \u00e0 45 \u20ac.   <\/p>\n<p><strong>Le PASS africologneFESTIVAL est valable pour tous les <\/strong>\u00e9v\u00e9nements de l&rsquo;africologneFESTIVAL ! Ceux-ci peuvent \u00eatre r\u00e9serv\u00e9s en ligne avec un code personnel du festival. Les prix du pass festival varient entre 80 \u20ac et 300 \u20ac.  <\/p>\n<p>Les billets peuvent \u00eatre achet\u00e9s \u00e0 la <strong>caisse du soir<\/strong> au m\u00eame prix et sous r\u00e9serve de disponibilit\u00e9. La caisse du soir ouvre une heure avant le d\u00e9but de la repr\u00e9sentation. Certains \u00e9v\u00e9nements, tels que tous les formats africologneLOCAL ou le dialogFORUM, sont gratuits.  <\/p>\n<p>&nbsp;<\/p>\n<p>[\/et_pb_text][et_pb_text _builder_version=\u00a0\u00bb4.27.4&Prime; _module_preset=\u00a0\u00bbdefault\u00a0\u00bb text_font_size=\u00a0\u00bb32px\u00a0\u00bb text_line_height_tablet=\u00a0\u00bb\u00a0\u00bb text_line_height_phone=\u00a0\u00bb1.3em\u00a0\u00bb text_line_height_last_edited=\u00a0\u00bbon|phone\u00a0\u00bb global_colors_info=\u00a0\u00bb{}\u00a0\u00bb]<\/p>\n<h3>Passeport africologneFESTIVAL<\/h3>\n<p>[\/et_pb_text][et_pb_text _builder_version=\u00a0\u00bb4.27.4&Prime; _module_preset=\u00a0\u00bbdefault\u00a0\u00bb text_font_size=\u00a0\u00bb28px\u00a0\u00bb text_line_height=\u00a0\u00bb1.3em\u00a0\u00bb text_line_height_tablet=\u00a0\u00bb\u00a0\u00bb text_line_height_phone=\u00a0\u00bb1.3em\u00a0\u00bb text_line_height_last_edited=\u00a0\u00bbon|phone\u00a0\u00bb global_colors_info=\u00a0\u00bb{}\u00a0\u00bb]<\/p>\n<p>Avec le pass africologneFESTIVAL, vous pouvez participer \u00e0 tous les \u00e9v\u00e9nements du africologneFESTIVAL ! Payez une fois et r\u00e9servez ensuite les dates souhait\u00e9es (par \u00e9v\u00e9nement, dans la limite des billets disponibles). Tout cela en ligne avec votre code personnel pour le festival.  <\/p>\n<p>80\u20ac pass africologneFESTIVAL | BASIS Pass r\u00e9duit :<br \/>Beaucoup de culture pour beaucoup ! <a href=\"https:\/\/tickets.qultor.de\/event\/africolognefestival-pass-basis-viel-kultur-fuer-viele\/africolognefestival-pass-basis-viel-kultur-fuer-viele-2025-06-11-1000\/tickets\" rel=\"nofollow noopener\" target=\"_blank\"><strong>R\u00c9SERVEZ MAINTENANT<\/strong><\/a><\/p>\n<p>Pass africologneFESTIVAL 150\u20ac | STANDARD Pass r\u00e9gulier pour un tour d&rsquo;horizon culturel !  <a href=\"https:\/\/tickets.qultor.de\/event\/africolognefestival-pass-standard-fuer-den-kulturellen-rundumschlag\/africolognefestival-pass-standard-fuer-den-kulturellen-rundumschlag-2025-06-11-1000\/tickets\" rel=\"nofollow noopener\" target=\"_blank\"><strong>R\u00c9SERVEZ MAINTENANT<\/strong><\/a><\/p>\n<p>300\u20ac africologneFESTIVAL-Pass | F\u00d6RDER:IN Premium-Pass pour les promoteurs culturels engag\u00e9s !  <a href=\"https:\/\/tickets.qultor.de\/event\/africolognefestival-pass-foerder-in-fuer-engagierte-kulturfoerder-innen\/africolognefestival-pass-foerder-in-fuer-engagierte-kulturfoerder-innen-2025-06-11-1000\/tickets\" rel=\"nofollow noopener\" target=\"_blank\"><strong>R\u00c9SERVEZ MAINTENANT<\/strong><\/a><\/p>\n<p>Sinon, vous pouvez r\u00e9server le pass africologneFESTIVAL ainsi que tous les billets pour les \u00e9v\u00e9nements individuels ici : <a href=\"http:\/\/www.qultor.de\/kulturschaffende\/africolognefestival\" rel=\"nofollow noopener\" target=\"_blank\">www.qultor.de\/kulturschaffende\/africolognefestival<\/a><\/p>\n<p>&nbsp;<\/p>\n<p>[\/et_pb_text][\/et_pb_column][\/et_pb_row][\/et_pb_section]<\/p>\n","protected":false},"excerpt":{"rendered":"<p>BilletsBILLETS, SYST\u00c8ME DE TARIFICATION SOLIDAIRE ET PASS FESTIVALLe prochain festival aura lieu du 19 au 29 mai 2027. L&rsquo;id\u00e9e du syst\u00e8me de tarification solidaire est que chaque personne d\u00e9cide elle-m\u00eame du prix qu&rsquo;elle paie pour assister \u00e0 un \u00e9v\u00e9nement. L&rsquo;espoir est que les recettes s&rsquo;\u00e9quilibrent en moyenne et que davantage de personnes participent aux \u00e9v\u00e9nements [&hellip;]<\/p>\n","protected":false},"author":9,"featured_media":0,"parent":0,"menu_order":0,"comment_status":"closed","ping_status":"closed","template":"","meta":{"_acf_changed":false,"_et_pb_use_builder":"on","_et_pb_old_content":"","_et_gb_content_width":"","footnotes":""},"difl_page_category":[],"class_list":["post-49506","page","type-page","status-publish","hentry"],"acf":[],"_links":{"self":[{"href":"https:\/\/africologne-festival.de\/fr\/wp-json\/wp\/v2\/pages\/49506","targetHints":{"allow":["GET"]}}],"collection":[{"href":"https:\/\/africologne-festival.de\/fr\/wp-json\/wp\/v2\/pages"}],"about":[{"href":"https:\/\/africologne-festival.de\/fr\/wp-json\/wp\/v2\/types\/page"}],"author":[{"embeddable":true,"href":"https:\/\/africologne-festival.de\/fr\/wp-json\/wp\/v2\/users\/9"}],"replies":[{"embeddable":true,"href":"https:\/\/africologne-festival.de\/fr\/wp-json\/wp\/v2\/comments?post=49506"}],"version-history":[{"count":7,"href":"https:\/\/africologne-festival.de\/fr\/wp-json\/wp\/v2\/pages\/49506\/revisions"}],"predecessor-version":[{"id":53856,"href":"https:\/\/africologne-festival.de\/fr\/wp-json\/wp\/v2\/pages\/49506\/revisions\/53856"}],"wp:attachment":[{"href":"https:\/\/africologne-festival.de\/fr\/wp-json\/wp\/v2\/media?parent=49506"}],"wp:term":[{"taxonomy":"difl_page_category","embeddable":true,"href":"https:\/\/africologne-festival.de\/fr\/wp-json\/wp\/v2\/difl_page_category?post=49506"}],"curies":[{"name":"wp","href":"https:\/\/api.w.org\/{rel}","templated":true}]}}