{"id":49538,"date":"2024-09-17T10:42:34","date_gmt":"2024-09-17T08:42:34","guid":{"rendered":"https:\/\/test.africologne-festival.de\/equipe\/dr-ndongo-samba-sylla\/"},"modified":"2025-03-04T12:16:06","modified_gmt":"2025-03-04T11:16:06","slug":"dr-ndongo-samba-sylla","status":"publish","type":"page","link":"https:\/\/africologne-festival.de\/fr\/equipe\/dr-ndongo-samba-sylla\/","title":{"rendered":"Dr. Ndongo Samba Sylla"},"content":{"rendered":"<p>[et_pb_section fb_built=\u00a0\u00bb1&Prime; _builder_version=\u00a0\u00bb4.27.0&Prime; custom_padding=\u00a0\u00bb18vh||6vh||false|false\u00a0\u00bb global_colors_info=\u00a0\u00bb{}\u00a0\u00bb background_color=\u00a0\u00bb#000000&Prime; background_enable_image=\u00a0\u00bboff\u00a0\u00bb][et_pb_row _builder_version=\u00a0\u00bb4.16&Prime; global_colors_info=\u00a0\u00bb{}\u00a0\u00bb][et_pb_column type=\u00a0\u00bb4_4&Prime; _builder_version=\u00a0\u00bb4.16&Prime; global_colors_info=\u00a0\u00bb{}\u00a0\u00bb][et_pb_text admin_label=\u00a0\u00bbText\u00a0\u00bb _builder_version=\u00a0\u00bb4.27.0&Prime; _module_preset=\u00a0\u00bbdefault\u00a0\u00bb header_font=\u00a0\u00bb|||on|||||\u00a0\u00bb header_text_color=\u00a0\u00bb#FFFFFF\u00a0\u00bb header_font_size=\u00a0\u00bb56px\u00a0\u00bb text_orientation=\u00a0\u00bbcenter\u00a0\u00bb header_font_size_tablet=\u00a0\u00bb56px\u00a0\u00bb header_font_size_phone=\u00a0\u00bb56px\u00a0\u00bb header_font_size_last_edited=\u00a0\u00bbon|phone\u00a0\u00bb global_colors_info=\u00a0\u00bb{}\u00a0\u00bb]<\/p>\n<h1>Rencontrez l&rsquo;\u00e9quipe<\/h1>\n<p>[\/et_pb_text][\/et_pb_column][\/et_pb_row][\/et_pb_section][et_pb_section fb_built=\u00a0\u00bb1&Prime; _builder_version=\u00a0\u00bb4.27.0&Prime; _module_preset=\u00a0\u00bbdefault\u00a0\u00bb background_color=\u00a0\u00bb#821DC8&Prime; custom_padding=\u00a0\u00bb42px||42px||true|false\u00a0\u00bb global_colors_info=\u00a0\u00bb{}\u00a0\u00bb][et_pb_row _builder_version=\u00a0\u00bb4.27.0&Prime; _module_preset=\u00a0\u00bbdefault\u00a0\u00bb background_color=\u00a0\u00bb#FFFFFF\u00a0\u00bb background_image=\u00a0\u00bbhttps:\/\/africologne-festival.de\/wp-content\/uploads\/2024\/09\/GreenBackgroundPattern.png\u00a0\u00bb background_size=\u00a0\u00bbcustom\u00a0\u00bb background_position=\u00a0\u00bbcenter_right\u00a0\u00bb positioning=\u00a0\u00bbnone\u00a0\u00bb z_index=\u00a0\u00bb259&Prime; custom_padding=\u00a0\u00bb42px|42px|42px|42px|true|true\u00a0\u00bb global_colors_info=\u00a0\u00bb{}\u00a0\u00bb][et_pb_column type=\u00a0\u00bb4_4&Prime; _builder_version=\u00a0\u00bb4.27.0&Prime; _module_preset=\u00a0\u00bbdefault\u00a0\u00bb global_colors_info=\u00a0\u00bb{}\u00a0\u00bb][et_pb_image src=\u00a0\u00bbhttps:\/\/africologne-festival.de\/wp-content\/uploads\/2024\/09\/Ndongo-Samba-SYLLA_300x385.jpg\u00a0\u00bb alt=\u00a0\u00bbNdongo Samba SYLLA 300&#215;385&Prime; title_text=\u00a0\u00bbNdongo Samba SYLLA 300&#215;385&Prime; _builder_version=\u00a0\u00bb4.27.0&Prime; _module_preset=\u00a0\u00bbdefault\u00a0\u00bb global_colors_info=\u00a0\u00bb{}\u00a0\u00bb][\/et_pb_image][et_pb_text admin_label=\u00a0\u00bbText\u00a0\u00bb _builder_version=\u00a0\u00bb4.27.0&Prime; _module_preset=\u00a0\u00bbdefault\u00a0\u00bb global_colors_info=\u00a0\u00bb{}\u00a0\u00bb]<\/p>\n<h2>Dr. Ndongo Samba Sylla \/ Direction africologneDIALOGFORUM<\/h2>\n<p>[\/et_pb_text][et_pb_text _builder_version=\u00a0\u00bb4.27.0&Prime; _module_preset=\u00a0\u00bbdefault\u00a0\u00bb global_colors_info=\u00a0\u00bb{}\u00a0\u00bb]<\/p>\n<p>Dr. Ndongo Samba Sylla est un \u00e9conomiste s\u00e9n\u00e9galais sp\u00e9cialis\u00e9 dans le d\u00e9veloppement. De 2006 \u00e0 2009, il a travaill\u00e9 comme conseiller technique aupr\u00e8s du Pr\u00e9sident de la R\u00e9publique du S\u00e9n\u00e9gal. l est actuellement directeur de recherche et de programme au bureau Afrique de l&rsquo;Ouest de la Fondation Rosa Luxembourg \u00e0 Dakar. Ses publications portent sur des sujets tels que le commerce \u00e9quitable, les march\u00e9s du travail dans les pays en d\u00e9veloppement, les mouvements sociaux, la th\u00e9orie de la d\u00e9mocratie et la souverainet\u00e9 \u00e9conomique et mon\u00e9taire.<\/p>\n<p>Il a publi\u00e9 de nombreux ouvrages collectifs, \u00e9crit deux livres (La D\u00e9mocratie contre la R\u00e9publique. L&rsquo;autre histoire du gouvernement du peuple, L&rsquo;Harmattan, Paris, 2015 ; Le scandale commerce \u00e9quitable. Le marketing de la pauvret\u00e9 au service des riches, L&rsquo;Harmattan, Paris, 2013) et est co-auteur d&rsquo;un livre (avec Fanny Pigeaud, L&rsquo;arme invisible de la Fran\u00e7afrique. Une histoire du franc CFA, Paris, La D\u00e9couverte, 2018). Plus r\u00e9cemment, il a co-dirig\u00e9 l&rsquo;ouvrage collectif Economic and Monetary Sovereignty for 21st century Africa (Pluto Press, 2021). Ses travaux ont \u00e9t\u00e9 publi\u00e9s dans plusieurs langues et sont r\u00e9guli\u00e8rement cit\u00e9s dans la presse internationale. Il a \u00e9t\u00e9 quatre fois champion du monde de Scrabble francophone.<\/p>\n<p>[\/et_pb_text][et_pb_icon font_icon=\u00a0\u00bb&#xe010;||divi||400&Prime; icon_width=\u00a0\u00bb78px\u00a0\u00bb url=\u00a0\u00bbmailto:nsssylla@gmail.com\u00a0\u00bb url_new_window=\u00a0\u00bbon\u00a0\u00bb align=\u00a0\u00bbleft\u00a0\u00bb _builder_version=\u00a0\u00bb4.27.0&Prime; _module_preset=\u00a0\u00bbdefault\u00a0\u00bb background_enable_color=\u00a0\u00bboff\u00a0\u00bb custom_padding=\u00a0\u00bb18px|18px|18px|18px|true|true\u00a0\u00bb border_radii=\u00a0\u00bbon|50%|50%|50%|50%\u00a0\u00bb global_colors_info=\u00a0\u00bb{}\u00a0\u00bb background__hover_enabled=\u00a0\u00bbon|hover\u00a0\u00bb background_color__hover=\u00a0\u00bb#D8FF00&Prime; background_enable_color__hover=\u00a0\u00bbon\u00a0\u00bb][\/et_pb_icon][\/et_pb_column][\/et_pb_row][\/et_pb_section]<\/p>\n","protected":false},"excerpt":{"rendered":"<p>Rencontrez l&rsquo;\u00e9quipeDr. Ndongo Samba Sylla \/ Direction africologneDIALOGFORUMDr. Ndongo Samba Sylla est un \u00e9conomiste s\u00e9n\u00e9galais sp\u00e9cialis\u00e9 dans le d\u00e9veloppement. De 2006 \u00e0 2009, il a travaill\u00e9 comme conseiller technique aupr\u00e8s du Pr\u00e9sident de la R\u00e9publique du S\u00e9n\u00e9gal. l est actuellement directeur de recherche et de programme au bureau Afrique de l&rsquo;Ouest de la Fondation Rosa [&hellip;]<\/p>\n","protected":false},"author":9,"featured_media":0,"parent":51801,"menu_order":0,"comment_status":"closed","ping_status":"closed","template":"","meta":{"_acf_changed":false,"_et_pb_use_builder":"on","_et_pb_old_content":"","_et_gb_content_width":"","footnotes":""},"difl_page_category":[],"class_list":["post-49538","page","type-page","status-publish","hentry"],"acf":[],"_links":{"self":[{"href":"https:\/\/africologne-festival.de\/fr\/wp-json\/wp\/v2\/pages\/49538","targetHints":{"allow":["GET"]}}],"collection":[{"href":"https:\/\/africologne-festival.de\/fr\/wp-json\/wp\/v2\/pages"}],"about":[{"href":"https:\/\/africologne-festival.de\/fr\/wp-json\/wp\/v2\/types\/page"}],"author":[{"embeddable":true,"href":"https:\/\/africologne-festival.de\/fr\/wp-json\/wp\/v2\/users\/9"}],"replies":[{"embeddable":true,"href":"https:\/\/africologne-festival.de\/fr\/wp-json\/wp\/v2\/comments?post=49538"}],"version-history":[{"count":7,"href":"https:\/\/africologne-festival.de\/fr\/wp-json\/wp\/v2\/pages\/49538\/revisions"}],"predecessor-version":[{"id":51526,"href":"https:\/\/africologne-festival.de\/fr\/wp-json\/wp\/v2\/pages\/49538\/revisions\/51526"}],"up":[{"embeddable":true,"href":"https:\/\/africologne-festival.de\/fr\/wp-json\/wp\/v2\/pages\/51801"}],"wp:attachment":[{"href":"https:\/\/africologne-festival.de\/fr\/wp-json\/wp\/v2\/media?parent=49538"}],"wp:term":[{"taxonomy":"difl_page_category","embeddable":true,"href":"https:\/\/africologne-festival.de\/fr\/wp-json\/wp\/v2\/difl_page_category?post=49538"}],"curies":[{"name":"wp","href":"https:\/\/api.w.org\/{rel}","templated":true}]}}