{"id":49557,"date":"2024-09-16T16:55:39","date_gmt":"2024-09-16T14:55:39","guid":{"rendered":"https:\/\/test.africologne-festival.de\/equipe\/gerhardt-haag\/"},"modified":"2026-01-28T16:50:25","modified_gmt":"2026-01-28T15:50:25","slug":"gerhardt-haag","status":"publish","type":"page","link":"https:\/\/africologne-festival.de\/fr\/equipe\/gerhardt-haag\/","title":{"rendered":"Gerhardt Haag"},"content":{"rendered":"<p>[et_pb_section fb_built=\u00a0\u00bb1&Prime; _builder_version=\u00a0\u00bb4.27.4&Prime; background_color=\u00a0\u00bb#000000&Prime; background_enable_image=\u00a0\u00bboff\u00a0\u00bb custom_padding=\u00a0\u00bb18vh||6vh||false|false\u00a0\u00bb global_colors_info=\u00a0\u00bb{}\u00a0\u00bb][et_pb_row _builder_version=\u00a0\u00bb4.16&Prime; global_colors_info=\u00a0\u00bb{}\u00a0\u00bb][et_pb_column type=\u00a0\u00bb4_4&Prime; _builder_version=\u00a0\u00bb4.16&Prime; global_colors_info=\u00a0\u00bb{}\u00a0\u00bb][et_pb_text admin_label=\u00a0\u00bbText\u00a0\u00bb _builder_version=\u00a0\u00bb4.27.0&Prime; _module_preset=\u00a0\u00bbdefault\u00a0\u00bb header_font=\u00a0\u00bb|||on|||||\u00a0\u00bb header_text_color=\u00a0\u00bb#FFFFFF\u00a0\u00bb header_font_size=\u00a0\u00bb56px\u00a0\u00bb text_orientation=\u00a0\u00bbcenter\u00a0\u00bb header_font_size_tablet=\u00a0\u00bb56px\u00a0\u00bb header_font_size_phone=\u00a0\u00bb56px\u00a0\u00bb header_font_size_last_edited=\u00a0\u00bbon|phone\u00a0\u00bb global_colors_info=\u00a0\u00bb{}\u00a0\u00bb]<\/p>\n<h1>Rencontrez l&rsquo;\u00e9quipe<\/h1>\n<p>[\/et_pb_text][\/et_pb_column][\/et_pb_row][\/et_pb_section][et_pb_section fb_built=\u00a0\u00bb1&Prime; _builder_version=\u00a0\u00bb4.27.0&Prime; _module_preset=\u00a0\u00bbdefault\u00a0\u00bb background_color=\u00a0\u00bb#821DC8&Prime; custom_padding=\u00a0\u00bb42px||42px||true|false\u00a0\u00bb global_colors_info=\u00a0\u00bb{}\u00a0\u00bb][et_pb_row _builder_version=\u00a0\u00bb4.27.0&Prime; _module_preset=\u00a0\u00bbdefault\u00a0\u00bb background_color=\u00a0\u00bb#FFFFFF\u00a0\u00bb background_image=\u00a0\u00bbhttps:\/\/africologne-festival.de\/wp-content\/uploads\/2024\/09\/GreenBackgroundPattern.png\u00a0\u00bb background_size=\u00a0\u00bbcustom\u00a0\u00bb background_position=\u00a0\u00bbcenter_right\u00a0\u00bb positioning=\u00a0\u00bbnone\u00a0\u00bb z_index=\u00a0\u00bb259&Prime; custom_padding=\u00a0\u00bb42px|42px|42px|42px|true|true\u00a0\u00bb global_colors_info=\u00a0\u00bb{}\u00a0\u00bb][et_pb_column type=\u00a0\u00bb4_4&Prime; _builder_version=\u00a0\u00bb4.27.0&Prime; _module_preset=\u00a0\u00bbdefault\u00a0\u00bb global_colors_info=\u00a0\u00bb{}\u00a0\u00bb][et_pb_image src=\u00a0\u00bbhttps:\/\/africologne-festival.de\/wp-content\/uploads\/2024\/09\/HAAG_foto.jpg\u00a0\u00bb alt=\u00a0\u00bbHAAG photo\u00a0\u00bb title_text=\u00a0\u00bbHAAG photo\u00a0\u00bb _builder_version=\u00a0\u00bb4.27.0&Prime; _module_preset=\u00a0\u00bbdefault\u00a0\u00bb global_colors_info=\u00a0\u00bb{}\u00a0\u00bb][\/et_pb_image][et_pb_text admin_label=\u00a0\u00bbText\u00a0\u00bb _builder_version=\u00a0\u00bb4.27.0&Prime; _module_preset=\u00a0\u00bbdefault\u00a0\u00bb global_colors_info=\u00a0\u00bb{}\u00a0\u00bb]<\/p>\n<h2>Gerhardt Haag \/ Conseiller principal<\/h2>\n<p>[\/et_pb_text][et_pb_text _builder_version=\u00a0\u00bb4.27.0&Prime; _module_preset=\u00a0\u00bbdefault\u00a0\u00bb global_colors_info=\u00a0\u00bb{}\u00a0\u00bb]<\/p>\n<p>Est n\u00e9 en 1949. De 1970 \u00e0 1973, il a suivi une formation d&rsquo;acteur \u00e0 la Max-Reinhardt-Schule (aujourd&rsquo;hui UdK) dans ce qui \u00e9tait alors Berlin-Ouest. Il a pu faire sa premi\u00e8re production th\u00e9\u00e2trale en 1972 avec George Tabori. Apr\u00e8s sa formation, il a \u00e9t\u00e9 engag\u00e9 pendant quatre ans dans diff\u00e9rents th\u00e9\u00e2tres municipaux (Giesen et Mayence). Apr\u00e8s trois ans de travail de p\u00e9dagogie th\u00e9\u00e2trale, il a fond\u00e9 en 1981 avec quelques coll\u00e8gues le Freie Werkstatt Theater \u00e0 Cologne, dont il a assur\u00e9 la direction collective jusqu&rsquo;en 1986. Durant cette p\u00e9riode, il a notamment dirig\u00e9 un projet de th\u00e9\u00e2tre germano-turc sur la question du mariage forc\u00e9 des jeunes filles turques (1982) : Nein\/Hayir.    <\/p>\n<p>De 1986 \u00e0 1995, Gerhardt Haag a travaill\u00e9 en tant que freelance dans diff\u00e9rents th\u00e9\u00e2tres. Il a initi\u00e9 un projet de th\u00e9\u00e2tre germano-arabe sur la question de l&rsquo;\u00e9migration des jeunes du Maghreb vers l&rsquo;Europe (1994\/95) : Han\u00een\/Sehnsucht, qui a \u00e9galement fait une tourn\u00e9e au Maroc. En 1995, il a pris la direction du Theater im Bauturm &#8211; Freies Schauspiel K\u00f6ln, poste qu&rsquo;il a occup\u00e9 jusqu&rsquo;\u00e0 la fin de la saison 2015\/16. En 1991, 1996 et 2004, il a re\u00e7u le prix du th\u00e9\u00e2tre de Cologne. Depuis 1998, il a particip\u00e9 \u00e0 de nombreux festivals dans les domaines du th\u00e9\u00e2tre\/de la danse\/du cin\u00e9ma, principalement en Afrique de l&rsquo;Ouest (Burkina Faso, C\u00f4te d&rsquo;Ivoire, B\u00e9nin, etc.). En 2010\/11, il a d\u00e9velopp\u00e9 avec Etienne Minoungou du festival R\u00e9cr\u00e9\u00e2trales de Ouagadougou et Kerstin Ortmeier l&rsquo;id\u00e9e et la base du biennal africologneFESTIVAL. Il a fait partie de la direction du festival jusqu&rsquo;en 2025. En 2026, il est encore \u00e0 la disposition du festival en tant que conseiller principal. En d\u00e9cembre 2013, il a re\u00e7u le prix du th\u00e9\u00e2tre d&rsquo;honneur de Cologne en tant qu&rsquo;une des personnalit\u00e9s les plus marquantes du th\u00e9\u00e2tre ind\u00e9pendant.        <\/p>\n<p>[\/et_pb_text][et_pb_icon font_icon=\u00a0\u00bb&#xe010;||divi||400&Prime; icon_width=\u00a0\u00bb78px\u00a0\u00bb url=\u00a0\u00bbmailto:haag@africologne.org\u00a0\u00bb url_new_window=\u00a0\u00bbon\u00a0\u00bb align=\u00a0\u00bbleft\u00a0\u00bb _builder_version=\u00a0\u00bb4.27.0&Prime; _module_preset=\u00a0\u00bbdefault\u00a0\u00bb background_enable_color=\u00a0\u00bboff\u00a0\u00bb custom_padding=\u00a0\u00bb18px|18px|18px|18px|true|true\u00a0\u00bb border_radii=\u00a0\u00bbon|50%|50%|50%|50%\u00a0\u00bb global_colors_info=\u00a0\u00bb{}\u00a0\u00bb background__hover_enabled=\u00a0\u00bbon|hover\u00a0\u00bb background_color__hover=\u00a0\u00bb#D8FF00&Prime; background_enable_color__hover=\u00a0\u00bbon\u00a0\u00bb][\/et_pb_icon][\/et_pb_column][\/et_pb_row][\/et_pb_section]<\/p>\n","protected":false},"excerpt":{"rendered":"<p>Rencontrez l&rsquo;\u00e9quipeGerhardt Haag \/ Conseiller principalEst n\u00e9 en 1949. De 1970 \u00e0 1973, il a suivi une formation d&rsquo;acteur \u00e0 la Max-Reinhardt-Schule (aujourd&rsquo;hui UdK) dans ce qui \u00e9tait alors Berlin-Ouest. Il a pu faire sa premi\u00e8re production th\u00e9\u00e2trale en 1972 avec George Tabori. Apr\u00e8s sa formation, il a \u00e9t\u00e9 engag\u00e9 pendant quatre ans dans diff\u00e9rents [&hellip;]<\/p>\n","protected":false},"author":9,"featured_media":0,"parent":51801,"menu_order":0,"comment_status":"closed","ping_status":"closed","template":"","meta":{"_acf_changed":false,"_et_pb_use_builder":"on","_et_pb_old_content":"","_et_gb_content_width":"","footnotes":""},"difl_page_category":[],"class_list":["post-49557","page","type-page","status-publish","hentry"],"acf":[],"_links":{"self":[{"href":"https:\/\/africologne-festival.de\/fr\/wp-json\/wp\/v2\/pages\/49557","targetHints":{"allow":["GET"]}}],"collection":[{"href":"https:\/\/africologne-festival.de\/fr\/wp-json\/wp\/v2\/pages"}],"about":[{"href":"https:\/\/africologne-festival.de\/fr\/wp-json\/wp\/v2\/types\/page"}],"author":[{"embeddable":true,"href":"https:\/\/africologne-festival.de\/fr\/wp-json\/wp\/v2\/users\/9"}],"replies":[{"embeddable":true,"href":"https:\/\/africologne-festival.de\/fr\/wp-json\/wp\/v2\/comments?post=49557"}],"version-history":[{"count":7,"href":"https:\/\/africologne-festival.de\/fr\/wp-json\/wp\/v2\/pages\/49557\/revisions"}],"predecessor-version":[{"id":53844,"href":"https:\/\/africologne-festival.de\/fr\/wp-json\/wp\/v2\/pages\/49557\/revisions\/53844"}],"up":[{"embeddable":true,"href":"https:\/\/africologne-festival.de\/fr\/wp-json\/wp\/v2\/pages\/51801"}],"wp:attachment":[{"href":"https:\/\/africologne-festival.de\/fr\/wp-json\/wp\/v2\/media?parent=49557"}],"wp:term":[{"taxonomy":"difl_page_category","embeddable":true,"href":"https:\/\/africologne-festival.de\/fr\/wp-json\/wp\/v2\/difl_page_category?post=49557"}],"curies":[{"name":"wp","href":"https:\/\/api.w.org\/{rel}","templated":true}]}}