{"id":50804,"date":"2024-09-09T16:45:42","date_gmt":"2024-09-09T14:45:42","guid":{"rendered":"https:\/\/test.africologne-festival.de\/association\/"},"modified":"2025-05-21T17:58:42","modified_gmt":"2025-05-21T15:58:42","slug":"association","status":"publish","type":"page","link":"https:\/\/africologne-festival.de\/fr\/association\/","title":{"rendered":"Amis"},"content":{"rendered":"<p>[et_pb_section fb_built=\u00a0\u00bb1&Prime; _builder_version=\u00a0\u00bb4.27.4&Prime; background_color=\u00a0\u00bb#000000&Prime; background_image=\u00a0\u00bbhttps:\/\/africologne-festival.de\/wp-content\/uploads\/2025\/02\/2025-TEASER-WEB_1.jpg\u00a0\u00bb parallax=\u00a0\u00bbon\u00a0\u00bb custom_padding=\u00a0\u00bb32vh||10vh||false|false\u00a0\u00bb global_colors_info=\u00a0\u00bb{}\u00a0\u00bb][et_pb_row _builder_version=\u00a0\u00bb4.27.4&Prime; global_colors_info=\u00a0\u00bb{}\u00a0\u00bb][et_pb_column type=\u00a0\u00bb4_4&Prime; _builder_version=\u00a0\u00bb4.27.4&Prime; global_colors_info=\u00a0\u00bb{}\u00a0\u00bb][et_pb_text admin_label=\u00a0\u00bbText\u00a0\u00bb _builder_version=\u00a0\u00bb4.27.4&Prime; _module_preset=\u00a0\u00bbdefault\u00a0\u00bb text_text_color=\u00a0\u00bb#000000&Prime; text_font_size=\u00a0\u00bb88px\u00a0\u00bb header_font=\u00a0\u00bb|||on|||||\u00a0\u00bb header_text_color=\u00a0\u00bb#FFFFFF\u00a0\u00bb header_font_size=\u00a0\u00bb88px\u00a0\u00bb height=\u00a0\u00bb25px\u00a0\u00bb hover_enabled=\u00a0\u00bb0&Prime; header_font_size_tablet=\u00a0\u00bb56px\u00a0\u00bb header_font_size_phone=\u00a0\u00bb56px\u00a0\u00bb header_font_size_last_edited=\u00a0\u00bbon|phone\u00a0\u00bb global_colors_info=\u00a0\u00bb{}\u00a0\u00bb sticky_enabled=\u00a0\u00bb0&Prime;]<\/p>\n<h1>Soci\u00e9t\u00e9 de Promotion<\/h1>\n<p>[\/et_pb_text][\/et_pb_column][\/et_pb_row][\/et_pb_section][et_pb_section fb_built=\u00a0\u00bb1&Prime; _builder_version=\u00a0\u00bb4.27.4&Prime; _module_preset=\u00a0\u00bbdefault\u00a0\u00bb background_color=\u00a0\u00bb#821DC8&Prime; custom_padding=\u00a0\u00bb42px||0px||false|false\u00a0\u00bb global_colors_info=\u00a0\u00bb{}\u00a0\u00bb][et_pb_row _builder_version=\u00a0\u00bb4.27.0&Prime; _module_preset=\u00a0\u00bbdefault\u00a0\u00bb background_color=\u00a0\u00bb#FFFFFF\u00a0\u00bb custom_padding=\u00a0\u00bb4vh|4vw|4vh|4vw|true|true\u00a0\u00bb global_colors_info=\u00a0\u00bb{}\u00a0\u00bb][et_pb_column type=\u00a0\u00bb4_4&Prime; _builder_version=\u00a0\u00bb4.27.0&Prime; _module_preset=\u00a0\u00bbdefault\u00a0\u00bb global_colors_info=\u00a0\u00bb{}\u00a0\u00bb][et_pb_text admin_label=\u00a0\u00bbText\u00a0\u00bb _builder_version=\u00a0\u00bb4.27.4&Prime; _module_preset=\u00a0\u00bbdefault\u00a0\u00bb text_font=\u00a0\u00bb||||||||\u00a0\u00bb text_text_color=\u00a0\u00bb#000000&Prime; text_font_size=\u00a0\u00bb28px\u00a0\u00bb text_line_height=\u00a0\u00bb1.3em\u00a0\u00bb hover_enabled=\u00a0\u00bb0&Prime; global_colors_info=\u00a0\u00bb{}\u00a0\u00bb sticky_enabled=\u00a0\u00bb0&Prime;]<\/p>\n<p>Les amis de l&rsquo;africologneFESTIVAL ont fond\u00e9 l&rsquo;association des africologneFREUNDE ! Le 20 mars 2025, c&rsquo;\u00e9tait chose faite. Yves Badosanye Ndagano a \u00e9t\u00e9 \u00e9lu pr\u00e9sident. Artiste originaire de Goma\/DRKongo, il \u00e9tudie actuellement la r\u00e9alisation et la production de films \u00e0 la Kunsthochschule f\u00fcr Medien (KHM) de Cologne. En 2014, il a \u00e9t\u00e9 le protagoniste de la pi\u00e8ce \u00ab\u00a0Coltan-Fieber\u00a0\u00bb, produite par le Theater im Bauturm et africologne \u00e0 Ouagadougou\/Burkina Faso. La version cin\u00e9matographique \u00ab\u00a0Coltan-Fieber &#8211; Connecting people\u00a0\u00bb a \u00e9t\u00e9 pr\u00e9sent\u00e9e dans des festivals internationaux et sera \u00e9galement projet\u00e9e \u00e0 nouveau \u00e0 Cologne dans le programme du africologneFESTIVAL 2025 (le 21 juin 2025 au Theater im Bauturm).       <\/p>\n<p>Si vous \u00eates int\u00e9ress\u00e9 \u00e0 soutenir le travail des africologneFREUNDE, n&rsquo;h\u00e9sitez pas \u00e0 nous contacter : <a href=\"mailto:freunde@africologne.org\"><span style=\"text-decoration: underline;\">freunde@africologne.org<\/span><\/a><\/p>\n<p>Et abonnez-vous \u00e0 la newsletter d&rsquo;africologne pour \u00eatre toujours au courant des derni\u00e8res nouvelles.<\/p>\n<p>&nbsp;<\/p>\n<p>[\/et_pb_text][\/et_pb_column][\/et_pb_row][\/et_pb_section][et_pb_section fb_built=\u00a0\u00bb1&Prime; _builder_version=\u00a0\u00bb4.27.0&Prime; _module_preset=\u00a0\u00bbdefault\u00a0\u00bb background_color=\u00a0\u00bb#821DC8&Prime; custom_padding=\u00a0\u00bb44px||44px||true|false\u00a0\u00bb global_colors_info=\u00a0\u00bb{}\u00a0\u00bb][\/et_pb_section]<\/p>\n","protected":false},"excerpt":{"rendered":"<p>Soci\u00e9t\u00e9 de PromotionLes amis de l&rsquo;africologneFESTIVAL ont fond\u00e9 l&rsquo;association des africologneFREUNDE ! Le 20 mars 2025, c&rsquo;\u00e9tait chose faite. Yves Badosanye Ndagano a \u00e9t\u00e9 \u00e9lu pr\u00e9sident. Artiste originaire de Goma\/DRKongo, il \u00e9tudie actuellement la r\u00e9alisation et la production de films \u00e0 la Kunsthochschule f\u00fcr Medien (KHM) de Cologne. En 2014, il a \u00e9t\u00e9 le protagoniste [&hellip;]<\/p>\n","protected":false},"author":9,"featured_media":0,"parent":0,"menu_order":0,"comment_status":"closed","ping_status":"closed","template":"","meta":{"_acf_changed":false,"_et_pb_use_builder":"on","_et_pb_old_content":"","_et_gb_content_width":"","footnotes":""},"difl_page_category":[],"class_list":["post-50804","page","type-page","status-publish","hentry"],"acf":[],"_links":{"self":[{"href":"https:\/\/africologne-festival.de\/fr\/wp-json\/wp\/v2\/pages\/50804","targetHints":{"allow":["GET"]}}],"collection":[{"href":"https:\/\/africologne-festival.de\/fr\/wp-json\/wp\/v2\/pages"}],"about":[{"href":"https:\/\/africologne-festival.de\/fr\/wp-json\/wp\/v2\/types\/page"}],"author":[{"embeddable":true,"href":"https:\/\/africologne-festival.de\/fr\/wp-json\/wp\/v2\/users\/9"}],"replies":[{"embeddable":true,"href":"https:\/\/africologne-festival.de\/fr\/wp-json\/wp\/v2\/comments?post=50804"}],"version-history":[{"count":7,"href":"https:\/\/africologne-festival.de\/fr\/wp-json\/wp\/v2\/pages\/50804\/revisions"}],"predecessor-version":[{"id":53454,"href":"https:\/\/africologne-festival.de\/fr\/wp-json\/wp\/v2\/pages\/50804\/revisions\/53454"}],"wp:attachment":[{"href":"https:\/\/africologne-festival.de\/fr\/wp-json\/wp\/v2\/media?parent=50804"}],"wp:term":[{"taxonomy":"difl_page_category","embeddable":true,"href":"https:\/\/africologne-festival.de\/fr\/wp-json\/wp\/v2\/difl_page_category?post=50804"}],"curies":[{"name":"wp","href":"https:\/\/api.w.org\/{rel}","templated":true}]}}