{"id":51205,"date":"2025-02-16T19:07:29","date_gmt":"2025-02-16T18:07:29","guid":{"rendered":"https:\/\/test.africologne-festival.de\/equipe\/yael-koutouan\/"},"modified":"2025-03-04T12:29:19","modified_gmt":"2025-03-04T11:29:19","slug":"yael-koutouan","status":"publish","type":"page","link":"https:\/\/africologne-festival.de\/fr\/equipe\/yael-koutouan\/","title":{"rendered":"Ya\u00ebl Koutouan"},"content":{"rendered":"<p>[et_pb_section fb_built=\u00a0\u00bb1&Prime; _builder_version=\u00a0\u00bb4.27.0&Prime; background_color=\u00a0\u00bb#000000&Prime; background_enable_image=\u00a0\u00bboff\u00a0\u00bb custom_padding=\u00a0\u00bb18vh||6vh||false|false\u00a0\u00bb global_colors_info=\u00a0\u00bb{}\u00a0\u00bb][et_pb_row _builder_version=\u00a0\u00bb4.16&Prime; global_colors_info=\u00a0\u00bb{}\u00a0\u00bb][et_pb_column type=\u00a0\u00bb4_4&Prime; _builder_version=\u00a0\u00bb4.16&Prime; global_colors_info=\u00a0\u00bb{}\u00a0\u00bb][et_pb_text admin_label=\u00a0\u00bbText\u00a0\u00bb _builder_version=\u00a0\u00bb4.27.0&Prime; _module_preset=\u00a0\u00bbdefault\u00a0\u00bb header_font=\u00a0\u00bb|||on|||||\u00a0\u00bb header_text_color=\u00a0\u00bb#FFFFFF\u00a0\u00bb header_font_size=\u00a0\u00bb56px\u00a0\u00bb text_orientation=\u00a0\u00bbcenter\u00a0\u00bb header_font_size_tablet=\u00a0\u00bb56px\u00a0\u00bb header_font_size_phone=\u00a0\u00bb56px\u00a0\u00bb header_font_size_last_edited=\u00a0\u00bbon|phone\u00a0\u00bb global_colors_info=\u00a0\u00bb{}\u00a0\u00bb]<\/p>\n<h1>Rencontrez l&rsquo;\u00e9quipe<\/h1>\n<p>[\/et_pb_text][\/et_pb_column][\/et_pb_row][\/et_pb_section][et_pb_section fb_built=\u00a0\u00bb1&Prime; _builder_version=\u00a0\u00bb4.27.0&Prime; _module_preset=\u00a0\u00bbdefault\u00a0\u00bb background_color=\u00a0\u00bb#821DC8&Prime; custom_padding=\u00a0\u00bb42px||42px||true|false\u00a0\u00bb global_colors_info=\u00a0\u00bb{}\u00a0\u00bb][et_pb_row _builder_version=\u00a0\u00bb4.27.0&Prime; _module_preset=\u00a0\u00bbdefault\u00a0\u00bb background_color=\u00a0\u00bb#FFFFFF\u00a0\u00bb background_image=\u00a0\u00bbhttps:\/\/africologne-festival.de\/wp-content\/uploads\/2024\/09\/GreenBackgroundPattern.png\u00a0\u00bb background_size=\u00a0\u00bbcustom\u00a0\u00bb background_position=\u00a0\u00bbcenter_right\u00a0\u00bb positioning=\u00a0\u00bbnone\u00a0\u00bb z_index=\u00a0\u00bb259&Prime; custom_padding=\u00a0\u00bb42px|42px|42px|42px|true|true\u00a0\u00bb global_colors_info=\u00a0\u00bb{}\u00a0\u00bb][et_pb_column type=\u00a0\u00bb4_4&Prime; _builder_version=\u00a0\u00bb4.27.0&Prime; _module_preset=\u00a0\u00bbdefault\u00a0\u00bb global_colors_info=\u00a0\u00bb{}\u00a0\u00bb][et_pb_text admin_label=\u00a0\u00bbText\u00a0\u00bb _builder_version=\u00a0\u00bb4.27.4&Prime; _module_preset=\u00a0\u00bbdefault\u00a0\u00bb global_colors_info=\u00a0\u00bb{}\u00a0\u00bb]<\/p>\n<h2>Ya\u00ebl Koutouan<\/h2>\n<p>[\/et_pb_text][et_pb_image src=\u00a0\u00bbhttps:\/\/africologne-festival.de\/wp-content\/uploads\/2025\/02\/Yael-Koutouan_1.jpg\u00a0\u00bb alt=\u00a0\u00bbYael Koutouan 1&Prime; title_text=\u00a0\u00bbYael Koutouan 1&Prime; _builder_version=\u00a0\u00bb4.27.4&Prime; _module_preset=\u00a0\u00bbdefault\u00a0\u00bb global_colors_info=\u00a0\u00bb{}\u00a0\u00bb][\/et_pb_image][et_pb_text _builder_version=\u00a0\u00bb4.27.4&Prime; _module_preset=\u00a0\u00bbdefault\u00a0\u00bb hover_enabled=\u00a0\u00bb0&Prime; global_colors_info=\u00a0\u00bb{}\u00a0\u00bb sticky_enabled=\u00a0\u00bb0&Prime;]<\/p>\n<p>Ya\u00ebl Koutouan (elle\/lui) est noire et positionn\u00e9e comme queer. Elle a \u00e9tudi\u00e9 le th\u00e9\u00e2tre \u00e0 l&rsquo;universit\u00e9 Johannes Gutenberg de Mayence. En 2022, son m\u00e9moire de master \u00ab Machtspiele im Theater &#8211; Rassimus als belief system \u00bb a \u00e9t\u00e9 publi\u00e9 aux \u00e9ditions Tectum. Elle y adopte une approche critique et ph\u00e9nom\u00e9nologique et associe l&rsquo;analyse des repr\u00e9sentations, l&rsquo;interview et l&rsquo;histoire coloniale allemande \u00e0 sa propre biographie.   <\/p>\n<p>Ses int\u00e9r\u00eats de recherche se situent dans les domaines des \u00e9tudes raciales et postcoloniales. Depuis f\u00e9vrier 2023, elle est auteur ind\u00e9pendant pour Theater der Zeit et depuis octobre 2023, elle \u00e9crit occasionnellement pour Theater heute. Ya\u00ebl Koutouan est \u00e9galement membre du jury des Rencontres th\u00e9\u00e2trales de Berlin 2026.  <\/p>\n<p>Elle a une exigence critique envers la discrimination et l&rsquo;intersectionnalit\u00e9 dans son \u00e9criture et son travail dans le domaine culturel et souhaite ouvrir des espaces aux voix et contre-r\u00e9cits migrants de la soci\u00e9t\u00e9 urbaine.<\/p>\n<p>Elle soutient africologne en tant que curatrice depuis 2025.<\/p>\n<p>[\/et_pb_text][et_pb_icon font_icon=\u00a0\u00bb&#xe010;||divi||400&Prime; icon_width=\u00a0\u00bb78px\u00a0\u00bb url=\u00a0\u00bbmailto:deuflhard@africologne.org\u00a0\u00bb url_new_window=\u00a0\u00bbon\u00a0\u00bb align=\u00a0\u00bbleft\u00a0\u00bb _builder_version=\u00a0\u00bb4.27.4&Prime; _module_preset=\u00a0\u00bbdefault\u00a0\u00bb background_enable_color=\u00a0\u00bboff\u00a0\u00bb custom_padding=\u00a0\u00bb18px|18px|18px|18px|true|true\u00a0\u00bb border_radii=\u00a0\u00bbon|50%|50%|50%|50%\u00a0\u00bb global_colors_info=\u00a0\u00bb{}\u00a0\u00bb background__hover_enabled=\u00a0\u00bbon|hover\u00a0\u00bb background_color__hover=\u00a0\u00bb#D8FF00&Prime; background_enable_color__hover=\u00a0\u00bbon\u00a0\u00bb][\/et_pb_icon][\/et_pb_column][\/et_pb_row][\/et_pb_section]<\/p>\n","protected":false},"excerpt":{"rendered":"<p>Rencontrez l&rsquo;\u00e9quipeYa\u00ebl KoutouanYa\u00ebl Koutouan (elle\/lui) est noire et positionn\u00e9e comme queer. Elle a \u00e9tudi\u00e9 le th\u00e9\u00e2tre \u00e0 l&rsquo;universit\u00e9 Johannes Gutenberg de Mayence. En 2022, son m\u00e9moire de master \u00ab Machtspiele im Theater &#8211; Rassimus als belief system \u00bb a \u00e9t\u00e9 publi\u00e9 aux \u00e9ditions Tectum. Elle y adopte une approche critique et ph\u00e9nom\u00e9nologique et associe l&rsquo;analyse [&hellip;]<\/p>\n","protected":false},"author":7,"featured_media":0,"parent":51801,"menu_order":0,"comment_status":"closed","ping_status":"closed","template":"","meta":{"_acf_changed":false,"_et_pb_use_builder":"on","_et_pb_old_content":"","_et_gb_content_width":"","footnotes":""},"difl_page_category":[],"class_list":["post-51205","page","type-page","status-publish","hentry"],"acf":[],"_links":{"self":[{"href":"https:\/\/africologne-festival.de\/fr\/wp-json\/wp\/v2\/pages\/51205","targetHints":{"allow":["GET"]}}],"collection":[{"href":"https:\/\/africologne-festival.de\/fr\/wp-json\/wp\/v2\/pages"}],"about":[{"href":"https:\/\/africologne-festival.de\/fr\/wp-json\/wp\/v2\/types\/page"}],"author":[{"embeddable":true,"href":"https:\/\/africologne-festival.de\/fr\/wp-json\/wp\/v2\/users\/7"}],"replies":[{"embeddable":true,"href":"https:\/\/africologne-festival.de\/fr\/wp-json\/wp\/v2\/comments?post=51205"}],"version-history":[{"count":7,"href":"https:\/\/africologne-festival.de\/fr\/wp-json\/wp\/v2\/pages\/51205\/revisions"}],"predecessor-version":[{"id":51532,"href":"https:\/\/africologne-festival.de\/fr\/wp-json\/wp\/v2\/pages\/51205\/revisions\/51532"}],"up":[{"embeddable":true,"href":"https:\/\/africologne-festival.de\/fr\/wp-json\/wp\/v2\/pages\/51801"}],"wp:attachment":[{"href":"https:\/\/africologne-festival.de\/fr\/wp-json\/wp\/v2\/media?parent=51205"}],"wp:term":[{"taxonomy":"difl_page_category","embeddable":true,"href":"https:\/\/africologne-festival.de\/fr\/wp-json\/wp\/v2\/difl_page_category?post=51205"}],"curies":[{"name":"wp","href":"https:\/\/api.w.org\/{rel}","templated":true}]}}