{"id":51213,"date":"2025-01-19T17:55:28","date_gmt":"2025-01-19T16:55:28","guid":{"rendered":"https:\/\/test.africologne-festival.de\/equipe\/marie-deuflhard\/"},"modified":"2025-04-09T14:44:45","modified_gmt":"2025-04-09T12:44:45","slug":"marie-deuflhard","status":"publish","type":"page","link":"https:\/\/africologne-festival.de\/fr\/equipe\/marie-deuflhard\/","title":{"rendered":"Marie Deuflhard"},"content":{"rendered":"<p>[et_pb_section fb_built=\u00a0\u00bb1&Prime; _builder_version=\u00a0\u00bb4.27.0&Prime; background_color=\u00a0\u00bb#000000&Prime; background_enable_image=\u00a0\u00bboff\u00a0\u00bb custom_padding=\u00a0\u00bb18vh||6vh||false|false\u00a0\u00bb global_colors_info=\u00a0\u00bb{}\u00a0\u00bb][et_pb_row _builder_version=\u00a0\u00bb4.16&Prime; global_colors_info=\u00a0\u00bb{}\u00a0\u00bb][et_pb_column type=\u00a0\u00bb4_4&Prime; _builder_version=\u00a0\u00bb4.16&Prime; global_colors_info=\u00a0\u00bb{}\u00a0\u00bb][et_pb_text admin_label=\u00a0\u00bbText\u00a0\u00bb _builder_version=\u00a0\u00bb4.27.0&Prime; _module_preset=\u00a0\u00bbdefault\u00a0\u00bb header_font=\u00a0\u00bb|||on|||||\u00a0\u00bb header_text_color=\u00a0\u00bb#FFFFFF\u00a0\u00bb header_font_size=\u00a0\u00bb56px\u00a0\u00bb text_orientation=\u00a0\u00bbcenter\u00a0\u00bb header_font_size_tablet=\u00a0\u00bb56px\u00a0\u00bb header_font_size_phone=\u00a0\u00bb56px\u00a0\u00bb header_font_size_last_edited=\u00a0\u00bbon|phone\u00a0\u00bb global_colors_info=\u00a0\u00bb{}\u00a0\u00bb]<\/p>\n<h1>Rencontrez l&rsquo;\u00e9quipe<\/h1>\n<p>[\/et_pb_text][\/et_pb_column][\/et_pb_row][\/et_pb_section][et_pb_section fb_built=\u00a0\u00bb1&Prime; _builder_version=\u00a0\u00bb4.27.0&Prime; _module_preset=\u00a0\u00bbdefault\u00a0\u00bb background_color=\u00a0\u00bb#821DC8&Prime; custom_padding=\u00a0\u00bb42px||42px||true|false\u00a0\u00bb global_colors_info=\u00a0\u00bb{}\u00a0\u00bb][et_pb_row _builder_version=\u00a0\u00bb4.27.0&Prime; _module_preset=\u00a0\u00bbdefault\u00a0\u00bb background_color=\u00a0\u00bb#FFFFFF\u00a0\u00bb background_image=\u00a0\u00bbhttps:\/\/africologne-festival.de\/wp-content\/uploads\/2024\/09\/GreenBackgroundPattern.png\u00a0\u00bb background_size=\u00a0\u00bbcustom\u00a0\u00bb background_position=\u00a0\u00bbcenter_right\u00a0\u00bb positioning=\u00a0\u00bbnone\u00a0\u00bb z_index=\u00a0\u00bb259&Prime; custom_padding=\u00a0\u00bb42px|42px|42px|42px|true|true\u00a0\u00bb global_colors_info=\u00a0\u00bb{}\u00a0\u00bb][et_pb_column type=\u00a0\u00bb4_4&Prime; _builder_version=\u00a0\u00bb4.27.0&Prime; _module_preset=\u00a0\u00bbdefault\u00a0\u00bb global_colors_info=\u00a0\u00bb{}\u00a0\u00bb][et_pb_text admin_label=\u00a0\u00bbText\u00a0\u00bb _builder_version=\u00a0\u00bb4.27.4&Prime; _module_preset=\u00a0\u00bbdefault\u00a0\u00bb global_colors_info=\u00a0\u00bb{}\u00a0\u00bb]<\/p>\n<h2>Marie Deuflhard<\/h2>\n<p>[\/et_pb_text][et_pb_image src=\u00a0\u00bbhttps:\/\/africologne-festival.de\/wp-content\/uploads\/2025\/02\/Marie-Deuflhard.jpg\u00a0\u00bb alt=\u00a0\u00bbMarie Deuflhard\u00a0\u00bb title_text=\u00a0\u00bbMarie Deuflhard\u00a0\u00bb _builder_version=\u00a0\u00bb4.27.4&Prime; _module_preset=\u00a0\u00bbdefault\u00a0\u00bb global_colors_info=\u00a0\u00bb{}\u00a0\u00bb][\/et_pb_image][et_pb_text _builder_version=\u00a0\u00bb4.27.4&Prime; _module_preset=\u00a0\u00bbdefault\u00a0\u00bb global_colors_info=\u00a0\u00bb{}\u00a0\u00bb]<\/p>\n<p>N\u00e9e et ayant grandi \u00e0 Berlin, Marie Deuflhard a \u00e9tudi\u00e9 la physique \u00e0 Fribourg et \u00e0 Leipzig et a obtenu un Master Sc. avec une publication sur la d\u00e9formation des ferrogels. Pendant ce temps, elle a suivi une formation en danse contemporaine et en performance.  <\/p>\n<p>Elle a chor\u00e9graphi\u00e9 ses propres pi\u00e8ces courtes et s&rsquo;est produite sur la sc\u00e8ne ind\u00e9pendante de Leipzig et, en 2019, en tant que danseuse dans la nouvelle production de Jos\u00e9 Vidal \u00ab Emergenz \u00bb \u00e0 Kampnagel, Hambourg et au festival Santiago a Mil, Santiago du Chili. \u00c0 partir de 2019, elle fait de sa passion son m\u00e9tier et s&rsquo;\u00e9tablit dans le travail de curation et de politique culturelle dans les arts du spectacle ind\u00e9pendants. <\/p>\n<p>Elle a travaill\u00e9 comme commissaire d&rsquo;exposition pour la WIESBADEN BIENNALE et a \u00e9t\u00e9 charg\u00e9e de cours en arts du spectacle avec Martin Hammer \u00e0 la LungA School, Seydisfj\u00f6rdur, Islande ; responsable du service d&rsquo;acquisition de fonds tiers \u00e0 JenaKultur et directrice de projet du d\u00e9partement de programme du Fonds Darstellende K\u00fcnste.<\/p>\n<p>Depuis 2024, elle fait partie de la direction du festival africologne.<\/p>\n<p>[\/et_pb_text][et_pb_icon font_icon=\u00a0\u00bb&#xe010;||divi||400&Prime; icon_width=\u00a0\u00bb78px\u00a0\u00bb url=\u00a0\u00bbmailto:deuflhard@africologne.org\u00a0\u00bb url_new_window=\u00a0\u00bbon\u00a0\u00bb align=\u00a0\u00bbleft\u00a0\u00bb _builder_version=\u00a0\u00bb4.27.4&Prime; _module_preset=\u00a0\u00bbdefault\u00a0\u00bb background_enable_color=\u00a0\u00bboff\u00a0\u00bb custom_padding=\u00a0\u00bb18px|18px|18px|18px|true|true\u00a0\u00bb border_radii=\u00a0\u00bbon|50%|50%|50%|50%\u00a0\u00bb global_colors_info=\u00a0\u00bb{}\u00a0\u00bb background__hover_enabled=\u00a0\u00bbon|hover\u00a0\u00bb background_color__hover=\u00a0\u00bb#D8FF00&Prime; background_enable_color__hover=\u00a0\u00bbon\u00a0\u00bb][\/et_pb_icon][\/et_pb_column][\/et_pb_row][\/et_pb_section]<\/p>\n","protected":false},"excerpt":{"rendered":"<p>Rencontrez l&rsquo;\u00e9quipeMarie DeuflhardN\u00e9e et ayant grandi \u00e0 Berlin, Marie Deuflhard a \u00e9tudi\u00e9 la physique \u00e0 Fribourg et \u00e0 Leipzig et a obtenu un Master Sc. avec une publication sur la d\u00e9formation des ferrogels. Pendant ce temps, elle a suivi une formation en danse contemporaine et en performance. Elle a chor\u00e9graphi\u00e9 ses propres pi\u00e8ces courtes et [&hellip;]<\/p>\n","protected":false},"author":9,"featured_media":0,"parent":51801,"menu_order":0,"comment_status":"closed","ping_status":"closed","template":"","meta":{"_acf_changed":false,"_et_pb_use_builder":"on","_et_pb_old_content":"","_et_gb_content_width":"","footnotes":""},"difl_page_category":[],"class_list":["post-51213","page","type-page","status-publish","hentry"],"acf":[],"_links":{"self":[{"href":"https:\/\/africologne-festival.de\/fr\/wp-json\/wp\/v2\/pages\/51213","targetHints":{"allow":["GET"]}}],"collection":[{"href":"https:\/\/africologne-festival.de\/fr\/wp-json\/wp\/v2\/pages"}],"about":[{"href":"https:\/\/africologne-festival.de\/fr\/wp-json\/wp\/v2\/types\/page"}],"author":[{"embeddable":true,"href":"https:\/\/africologne-festival.de\/fr\/wp-json\/wp\/v2\/users\/9"}],"replies":[{"embeddable":true,"href":"https:\/\/africologne-festival.de\/fr\/wp-json\/wp\/v2\/comments?post=51213"}],"version-history":[{"count":7,"href":"https:\/\/africologne-festival.de\/fr\/wp-json\/wp\/v2\/pages\/51213\/revisions"}],"predecessor-version":[{"id":52768,"href":"https:\/\/africologne-festival.de\/fr\/wp-json\/wp\/v2\/pages\/51213\/revisions\/52768"}],"up":[{"embeddable":true,"href":"https:\/\/africologne-festival.de\/fr\/wp-json\/wp\/v2\/pages\/51801"}],"wp:attachment":[{"href":"https:\/\/africologne-festival.de\/fr\/wp-json\/wp\/v2\/media?parent=51213"}],"wp:term":[{"taxonomy":"difl_page_category","embeddable":true,"href":"https:\/\/africologne-festival.de\/fr\/wp-json\/wp\/v2\/difl_page_category?post=51213"}],"curies":[{"name":"wp","href":"https:\/\/api.w.org\/{rel}","templated":true}]}}